{"id":287,"date":"2025-07-14T11:01:18","date_gmt":"2025-07-14T09:01:18","guid":{"rendered":"https:\/\/robertoverkamp.com\/?page_id=287"},"modified":"2025-07-14T14:21:59","modified_gmt":"2025-07-14T12:21:59","slug":"gruendungszentrum-fhaachen","status":"publish","type":"page","link":"https:\/\/robertoverkamp.com\/?page_id=287","title":{"rendered":"GR\u00dcNDUNGSZENTRUM FHAACHEN"},"content":{"rendered":"\t\t<div data-elementor-type=\"wp-page\" data-elementor-id=\"287\" class=\"elementor elementor-287\" data-elementor-post-type=\"page\">\n\t\t\t\t<div class=\"elementor-element elementor-element-14255c6 e-flex e-con-boxed e-con e-parent\" data-id=\"14255c6\" data-element_type=\"container\">\n\t\t\t\t\t<div class=\"e-con-inner\">\n\t\t\t\t<div class=\"elementor-element elementor-element-37eb7ca elementor-widget__width-initial elementor-widget elementor-widget-text-editor\" data-id=\"37eb7ca\" data-element_type=\"widget\" data-widget_type=\"text-editor.default\">\n\t\t\t\t\t\t\t\t\t<p data-start=\"83\" data-end=\"142\"><strong data-start=\"83\" data-end=\"142\">Werkstudentent\u00e4tigkeit \u2013 Gr\u00fcndungszentrum der FH Aachen<\/strong><\/p><p data-start=\"144\" data-end=\"414\">Im Rahmen der Werkstudentenstelle beim <strong data-start=\"183\" data-end=\"217\">Gr\u00fcndungszentrum der FH Aachen<\/strong> lag der Fokus auf der <strong data-start=\"240\" data-end=\"269\">Video- und Fotoproduktion<\/strong>.<br data-start=\"270\" data-end=\"273\" \/>Dazu z\u00e4hlten die Konzeption, Aufnahme und Nachbearbeitung von Medieninhalten f\u00fcr verschiedene Veranstaltungsformate und Kommunikationskan\u00e4le.<\/p>\t\t\t\t\t\t\t\t<\/div>\n\t\t\t\t\t<\/div>\n\t\t\t\t<\/div>\n\t\t<div class=\"elementor-element elementor-element-31fc336 e-flex e-con-boxed e-con e-parent\" data-id=\"31fc336\" data-element_type=\"container\">\n\t\t\t\t\t<div class=\"e-con-inner\">\n\t\t\t\t<div class=\"elementor-element elementor-element-06566c4 elementor-widget elementor-widget-gallery\" data-id=\"06566c4\" data-element_type=\"widget\" data-settings=\"{&quot;gallery_layout&quot;:&quot;masonry&quot;,&quot;columns&quot;:3,&quot;lazyload&quot;:&quot;yes&quot;,&quot;columns_tablet&quot;:2,&quot;columns_mobile&quot;:1,&quot;gap&quot;:{&quot;unit&quot;:&quot;px&quot;,&quot;size&quot;:10,&quot;sizes&quot;:[]},&quot;gap_tablet&quot;:{&quot;unit&quot;:&quot;px&quot;,&quot;size&quot;:10,&quot;sizes&quot;:[]},&quot;gap_mobile&quot;:{&quot;unit&quot;:&quot;px&quot;,&quot;size&quot;:10,&quot;sizes&quot;:[]},&quot;link_to&quot;:&quot;file&quot;,&quot;overlay_background&quot;:&quot;yes&quot;,&quot;content_hover_animation&quot;:&quot;fade-in&quot;}\" data-widget_type=\"gallery.default\">\n\t\t\t\t\t\t\t<div class=\"elementor-gallery__container\">\n\t\t\t\t\t\t\t<a class=\"e-gallery-item elementor-gallery-item elementor-animated-content\" href=\"https:\/\/robertoverkamp.com\/wp-content\/uploads\/2025\/07\/GZ-Kamagne3.jpg\" data-elementor-open-lightbox=\"yes\" data-elementor-lightbox-slideshow=\"06566c4\" data-elementor-lightbox-title=\"GZ-Kamagne3\" data-e-action-hash=\"#elementor-action%3Aaction%3Dlightbox%26settings%3DeyJpZCI6Mjg4LCJ1cmwiOiJodHRwczpcL1wvcm9iZXJ0b3ZlcmthbXAuY29tXC93cC1jb250ZW50XC91cGxvYWRzXC8yMDI1XC8wN1wvR1otS2FtYWduZTMuanBnIiwic2xpZGVzaG93IjoiMDY1NjZjNCJ9\">\n\t\t\t\t\t<div class=\"e-gallery-image elementor-gallery-item__image\" data-thumbnail=\"https:\/\/robertoverkamp.com\/wp-content\/uploads\/2025\/07\/GZ-Kamagne3-683x1024.jpg\" data-width=\"683\" data-height=\"1024\" aria-label=\"\" role=\"img\" ><\/div>\n\t\t\t\t\t\t\t\t\t\t\t<div class=\"elementor-gallery-item__overlay\"><\/div>\n\t\t\t\t\t\t\t\t\t\t\t\t\t\t<\/a>\n\t\t\t\t\t\t\t<a class=\"e-gallery-item elementor-gallery-item elementor-animated-content\" href=\"https:\/\/robertoverkamp.com\/wp-content\/uploads\/2025\/07\/GZ-Kamagne2.jpg\" data-elementor-open-lightbox=\"yes\" data-elementor-lightbox-slideshow=\"06566c4\" data-elementor-lightbox-title=\"GZ-Kamagne2\" data-e-action-hash=\"#elementor-action%3Aaction%3Dlightbox%26settings%3DeyJpZCI6Mjg5LCJ1cmwiOiJodHRwczpcL1wvcm9iZXJ0b3ZlcmthbXAuY29tXC93cC1jb250ZW50XC91cGxvYWRzXC8yMDI1XC8wN1wvR1otS2FtYWduZTIuanBnIiwic2xpZGVzaG93IjoiMDY1NjZjNCJ9\">\n\t\t\t\t\t<div class=\"e-gallery-image elementor-gallery-item__image\" data-thumbnail=\"https:\/\/robertoverkamp.com\/wp-content\/uploads\/2025\/07\/GZ-Kamagne2-683x1024.jpg\" data-width=\"683\" data-height=\"1024\" aria-label=\"\" role=\"img\" ><\/div>\n\t\t\t\t\t\t\t\t\t\t\t<div class=\"elementor-gallery-item__overlay\"><\/div>\n\t\t\t\t\t\t\t\t\t\t\t\t\t\t<\/a>\n\t\t\t\t\t\t\t<a class=\"e-gallery-item elementor-gallery-item elementor-animated-content\" href=\"https:\/\/robertoverkamp.com\/wp-content\/uploads\/2025\/07\/GZ-Kamagne.jpg\" data-elementor-open-lightbox=\"yes\" data-elementor-lightbox-slideshow=\"06566c4\" data-elementor-lightbox-title=\"GZ-Kamagne\" data-e-action-hash=\"#elementor-action%3Aaction%3Dlightbox%26settings%3DeyJpZCI6MjkwLCJ1cmwiOiJodHRwczpcL1wvcm9iZXJ0b3ZlcmthbXAuY29tXC93cC1jb250ZW50XC91cGxvYWRzXC8yMDI1XC8wN1wvR1otS2FtYWduZS5qcGciLCJzbGlkZXNob3ciOiIwNjU2NmM0In0%3D\">\n\t\t\t\t\t<div class=\"e-gallery-image elementor-gallery-item__image\" data-thumbnail=\"https:\/\/robertoverkamp.com\/wp-content\/uploads\/2025\/07\/GZ-Kamagne-683x1024.jpg\" data-width=\"683\" data-height=\"1024\" aria-label=\"\" role=\"img\" ><\/div>\n\t\t\t\t\t\t\t\t\t\t\t<div class=\"elementor-gallery-item__overlay\"><\/div>\n\t\t\t\t\t\t\t\t\t\t\t\t\t\t<\/a>\n\t\t\t\t\t<\/div>\n\t\t\t\t\t<\/div>\n\t\t\t\t\t<\/div>\n\t\t\t\t<\/div>\n\t\t<div class=\"elementor-element elementor-element-d2ec3fe e-flex e-con-boxed e-con e-parent\" data-id=\"d2ec3fe\" data-element_type=\"container\">\n\t\t\t\t\t<div class=\"e-con-inner\">\n\t\t\t\t<div class=\"elementor-element elementor-element-eeb2252 elementor-widget-divider--view-line elementor-widget elementor-widget-divider\" data-id=\"eeb2252\" data-element_type=\"widget\" data-widget_type=\"divider.default\">\n\t\t\t\t\t\t\t<div class=\"elementor-divider\">\n\t\t\t<span class=\"elementor-divider-separator\">\n\t\t\t\t\t\t<\/span>\n\t\t<\/div>\n\t\t\t\t\t\t<\/div>\n\t\t\t\t\t<\/div>\n\t\t\t\t<\/div>\n\t\t<div class=\"elementor-element elementor-element-e0907ee e-flex e-con-boxed e-con e-parent\" data-id=\"e0907ee\" data-element_type=\"container\">\n\t\t\t\t\t<div class=\"e-con-inner\">\n\t\t\t\t<div class=\"elementor-element elementor-element-67db8e4 elementor-widget elementor-widget-gallery\" data-id=\"67db8e4\" data-element_type=\"widget\" data-settings=\"{&quot;gallery_layout&quot;:&quot;masonry&quot;,&quot;columns&quot;:3,&quot;lazyload&quot;:&quot;yes&quot;,&quot;columns_tablet&quot;:2,&quot;columns_mobile&quot;:1,&quot;gap&quot;:{&quot;unit&quot;:&quot;px&quot;,&quot;size&quot;:10,&quot;sizes&quot;:[]},&quot;gap_tablet&quot;:{&quot;unit&quot;:&quot;px&quot;,&quot;size&quot;:10,&quot;sizes&quot;:[]},&quot;gap_mobile&quot;:{&quot;unit&quot;:&quot;px&quot;,&quot;size&quot;:10,&quot;sizes&quot;:[]},&quot;link_to&quot;:&quot;file&quot;,&quot;overlay_background&quot;:&quot;yes&quot;,&quot;content_hover_animation&quot;:&quot;fade-in&quot;}\" data-widget_type=\"gallery.default\">\n\t\t\t\t\t\t\t<div class=\"elementor-gallery__container\">\n\t\t\t\t\t\t\t<a class=\"e-gallery-item elementor-gallery-item elementor-animated-content\" href=\"https:\/\/robertoverkamp.com\/wp-content\/uploads\/2025\/07\/GZ-Bild8.jpg\" data-elementor-open-lightbox=\"yes\" data-elementor-lightbox-slideshow=\"67db8e4\" data-elementor-lightbox-title=\"GZ-Bild8\" data-e-action-hash=\"#elementor-action%3Aaction%3Dlightbox%26settings%3DeyJpZCI6MzAxLCJ1cmwiOiJodHRwczpcL1wvcm9iZXJ0b3ZlcmthbXAuY29tXC93cC1jb250ZW50XC91cGxvYWRzXC8yMDI1XC8wN1wvR1otQmlsZDguanBnIiwic2xpZGVzaG93IjoiNjdkYjhlNCJ9\">\n\t\t\t\t\t<div class=\"e-gallery-image elementor-gallery-item__image\" data-thumbnail=\"https:\/\/robertoverkamp.com\/wp-content\/uploads\/2025\/07\/GZ-Bild8-1024x683.jpg\" data-width=\"800\" data-height=\"534\" aria-label=\"\" role=\"img\" ><\/div>\n\t\t\t\t\t\t\t\t\t\t\t<div class=\"elementor-gallery-item__overlay\"><\/div>\n\t\t\t\t\t\t\t\t\t\t\t\t\t\t<\/a>\n\t\t\t\t\t\t\t<a class=\"e-gallery-item elementor-gallery-item elementor-animated-content\" href=\"https:\/\/robertoverkamp.com\/wp-content\/uploads\/2025\/07\/GZ-Bild3.jpg\" data-elementor-open-lightbox=\"yes\" data-elementor-lightbox-slideshow=\"67db8e4\" data-elementor-lightbox-title=\"GZ-Bild3\" data-e-action-hash=\"#elementor-action%3Aaction%3Dlightbox%26settings%3DeyJpZCI6Mjk1LCJ1cmwiOiJodHRwczpcL1wvcm9iZXJ0b3ZlcmthbXAuY29tXC93cC1jb250ZW50XC91cGxvYWRzXC8yMDI1XC8wN1wvR1otQmlsZDMuanBnIiwic2xpZGVzaG93IjoiNjdkYjhlNCJ9\">\n\t\t\t\t\t<div class=\"e-gallery-image elementor-gallery-item__image\" data-thumbnail=\"https:\/\/robertoverkamp.com\/wp-content\/uploads\/2025\/07\/GZ-Bild3-1024x683.jpg\" data-width=\"800\" data-height=\"534\" aria-label=\"\" role=\"img\" ><\/div>\n\t\t\t\t\t\t\t\t\t\t\t<div class=\"elementor-gallery-item__overlay\"><\/div>\n\t\t\t\t\t\t\t\t\t\t\t\t\t\t<\/a>\n\t\t\t\t\t\t\t<a class=\"e-gallery-item elementor-gallery-item elementor-animated-content\" href=\"https:\/\/robertoverkamp.com\/wp-content\/uploads\/2025\/07\/GZ-Bild6.jpg\" data-elementor-open-lightbox=\"yes\" data-elementor-lightbox-slideshow=\"67db8e4\" data-elementor-lightbox-title=\"GZ-Bild6\" data-e-action-hash=\"#elementor-action%3Aaction%3Dlightbox%26settings%3DeyJpZCI6MjkyLCJ1cmwiOiJodHRwczpcL1wvcm9iZXJ0b3ZlcmthbXAuY29tXC93cC1jb250ZW50XC91cGxvYWRzXC8yMDI1XC8wN1wvR1otQmlsZDYuanBnIiwic2xpZGVzaG93IjoiNjdkYjhlNCJ9\">\n\t\t\t\t\t<div class=\"e-gallery-image elementor-gallery-item__image\" data-thumbnail=\"https:\/\/robertoverkamp.com\/wp-content\/uploads\/2025\/07\/GZ-Bild6-683x1024.jpg\" data-width=\"683\" data-height=\"1024\" aria-label=\"\" role=\"img\" ><\/div>\n\t\t\t\t\t\t\t\t\t\t\t<div class=\"elementor-gallery-item__overlay\"><\/div>\n\t\t\t\t\t\t\t\t\t\t\t\t\t\t<\/a>\n\t\t\t\t\t\t\t<a class=\"e-gallery-item elementor-gallery-item elementor-animated-content\" href=\"https:\/\/robertoverkamp.com\/wp-content\/uploads\/2025\/07\/GZ-Bild7.jpg\" data-elementor-open-lightbox=\"yes\" data-elementor-lightbox-slideshow=\"67db8e4\" data-elementor-lightbox-title=\"GZ-Bild7\" data-e-action-hash=\"#elementor-action%3Aaction%3Dlightbox%26settings%3DeyJpZCI6MjkxLCJ1cmwiOiJodHRwczpcL1wvcm9iZXJ0b3ZlcmthbXAuY29tXC93cC1jb250ZW50XC91cGxvYWRzXC8yMDI1XC8wN1wvR1otQmlsZDcuanBnIiwic2xpZGVzaG93IjoiNjdkYjhlNCJ9\">\n\t\t\t\t\t<div class=\"e-gallery-image elementor-gallery-item__image\" data-thumbnail=\"https:\/\/robertoverkamp.com\/wp-content\/uploads\/2025\/07\/GZ-Bild7-683x1024.jpg\" data-width=\"683\" data-height=\"1024\" aria-label=\"\" role=\"img\" ><\/div>\n\t\t\t\t\t\t\t\t\t\t\t<div class=\"elementor-gallery-item__overlay\"><\/div>\n\t\t\t\t\t\t\t\t\t\t\t\t\t\t<\/a>\n\t\t\t\t\t\t\t<a class=\"e-gallery-item elementor-gallery-item elementor-animated-content\" href=\"https:\/\/robertoverkamp.com\/wp-content\/uploads\/2025\/07\/GZ-Bild9.jpg\" data-elementor-open-lightbox=\"yes\" data-elementor-lightbox-slideshow=\"67db8e4\" data-elementor-lightbox-title=\"GZ-Bild9\" data-e-action-hash=\"#elementor-action%3Aaction%3Dlightbox%26settings%3DeyJpZCI6MzAwLCJ1cmwiOiJodHRwczpcL1wvcm9iZXJ0b3ZlcmthbXAuY29tXC93cC1jb250ZW50XC91cGxvYWRzXC8yMDI1XC8wN1wvR1otQmlsZDkuanBnIiwic2xpZGVzaG93IjoiNjdkYjhlNCJ9\">\n\t\t\t\t\t<div class=\"e-gallery-image elementor-gallery-item__image\" data-thumbnail=\"https:\/\/robertoverkamp.com\/wp-content\/uploads\/2025\/07\/GZ-Bild9-1024x683.jpg\" data-width=\"800\" data-height=\"534\" aria-label=\"\" role=\"img\" ><\/div>\n\t\t\t\t\t\t\t\t\t\t\t<div class=\"elementor-gallery-item__overlay\"><\/div>\n\t\t\t\t\t\t\t\t\t\t\t\t\t\t<\/a>\n\t\t\t\t\t\t\t<a class=\"e-gallery-item elementor-gallery-item elementor-animated-content\" href=\"https:\/\/robertoverkamp.com\/wp-content\/uploads\/2025\/07\/GZ-Bild4.jpg\" data-elementor-open-lightbox=\"yes\" data-elementor-lightbox-slideshow=\"67db8e4\" data-elementor-lightbox-title=\"GZ-Bild4\" data-e-action-hash=\"#elementor-action%3Aaction%3Dlightbox%26settings%3DeyJpZCI6Mjk0LCJ1cmwiOiJodHRwczpcL1wvcm9iZXJ0b3ZlcmthbXAuY29tXC93cC1jb250ZW50XC91cGxvYWRzXC8yMDI1XC8wN1wvR1otQmlsZDQuanBnIiwic2xpZGVzaG93IjoiNjdkYjhlNCJ9\">\n\t\t\t\t\t<div class=\"e-gallery-image elementor-gallery-item__image\" data-thumbnail=\"https:\/\/robertoverkamp.com\/wp-content\/uploads\/2025\/07\/GZ-Bild4-1024x683.jpg\" data-width=\"800\" data-height=\"534\" aria-label=\"\" role=\"img\" ><\/div>\n\t\t\t\t\t\t\t\t\t\t\t<div class=\"elementor-gallery-item__overlay\"><\/div>\n\t\t\t\t\t\t\t\t\t\t\t\t\t\t<\/a>\n\t\t\t\t\t\t\t<a class=\"e-gallery-item elementor-gallery-item elementor-animated-content\" href=\"https:\/\/robertoverkamp.com\/wp-content\/uploads\/2025\/07\/GZ-Bild5.jpg\" data-elementor-open-lightbox=\"yes\" data-elementor-lightbox-slideshow=\"67db8e4\" data-elementor-lightbox-title=\"GZ-Bild5\" data-e-action-hash=\"#elementor-action%3Aaction%3Dlightbox%26settings%3DeyJpZCI6MjkzLCJ1cmwiOiJodHRwczpcL1wvcm9iZXJ0b3ZlcmthbXAuY29tXC93cC1jb250ZW50XC91cGxvYWRzXC8yMDI1XC8wN1wvR1otQmlsZDUuanBnIiwic2xpZGVzaG93IjoiNjdkYjhlNCJ9\">\n\t\t\t\t\t<div class=\"e-gallery-image elementor-gallery-item__image\" data-thumbnail=\"https:\/\/robertoverkamp.com\/wp-content\/uploads\/2025\/07\/GZ-Bild5-1024x683.jpg\" data-width=\"800\" data-height=\"534\" aria-label=\"\" role=\"img\" ><\/div>\n\t\t\t\t\t\t\t\t\t\t\t<div class=\"elementor-gallery-item__overlay\"><\/div>\n\t\t\t\t\t\t\t\t\t\t\t\t\t\t<\/a>\n\t\t\t\t\t\t\t<a class=\"e-gallery-item elementor-gallery-item elementor-animated-content\" href=\"https:\/\/robertoverkamp.com\/wp-content\/uploads\/2025\/07\/GZ-Bild1.jpg\" data-elementor-open-lightbox=\"yes\" data-elementor-lightbox-slideshow=\"67db8e4\" data-elementor-lightbox-title=\"GZ-Bild1\" data-e-action-hash=\"#elementor-action%3Aaction%3Dlightbox%26settings%3DeyJpZCI6Mjk3LCJ1cmwiOiJodHRwczpcL1wvcm9iZXJ0b3ZlcmthbXAuY29tXC93cC1jb250ZW50XC91cGxvYWRzXC8yMDI1XC8wN1wvR1otQmlsZDEuanBnIiwic2xpZGVzaG93IjoiNjdkYjhlNCJ9\">\n\t\t\t\t\t<div class=\"e-gallery-image elementor-gallery-item__image\" data-thumbnail=\"https:\/\/robertoverkamp.com\/wp-content\/uploads\/2025\/07\/GZ-Bild1-1024x683.jpg\" data-width=\"800\" data-height=\"534\" aria-label=\"\" role=\"img\" ><\/div>\n\t\t\t\t\t\t\t\t\t\t\t<div class=\"elementor-gallery-item__overlay\"><\/div>\n\t\t\t\t\t\t\t\t\t\t\t\t\t\t<\/a>\n\t\t\t\t\t\t\t<a class=\"e-gallery-item elementor-gallery-item elementor-animated-content\" href=\"https:\/\/robertoverkamp.com\/wp-content\/uploads\/2025\/07\/GZ-Bild2.jpg\" data-elementor-open-lightbox=\"yes\" data-elementor-lightbox-slideshow=\"67db8e4\" data-elementor-lightbox-title=\"GZ-Bild2\" data-e-action-hash=\"#elementor-action%3Aaction%3Dlightbox%26settings%3DeyJpZCI6Mjk2LCJ1cmwiOiJodHRwczpcL1wvcm9iZXJ0b3ZlcmthbXAuY29tXC93cC1jb250ZW50XC91cGxvYWRzXC8yMDI1XC8wN1wvR1otQmlsZDIuanBnIiwic2xpZGVzaG93IjoiNjdkYjhlNCJ9\">\n\t\t\t\t\t<div class=\"e-gallery-image elementor-gallery-item__image\" data-thumbnail=\"https:\/\/robertoverkamp.com\/wp-content\/uploads\/2025\/07\/GZ-Bild2-1024x683.jpg\" data-width=\"800\" data-height=\"534\" aria-label=\"\" role=\"img\" ><\/div>\n\t\t\t\t\t\t\t\t\t\t\t<div class=\"elementor-gallery-item__overlay\"><\/div>\n\t\t\t\t\t\t\t\t\t\t\t\t\t\t<\/a>\n\t\t\t\t\t<\/div>\n\t\t\t\t\t<\/div>\n\t\t\t\t\t<\/div>\n\t\t\t\t<\/div>\n\t\t\t\t<\/div>\n\t\t","protected":false},"excerpt":{"rendered":"<p>Werkstudentent\u00e4tigkeit \u2013 Gr\u00fcndungszentrum der FH Aachen Im Rahmen der Werkstudentenstelle beim Gr\u00fcndungszentrum der FH Aachen lag der Fokus auf der Video- und Fotoproduktion.Dazu z\u00e4hlten die Konzeption, Aufnahme und Nachbearbeitung von Medieninhalten f\u00fcr verschiedene Veranstaltungsformate und Kommunikationskan\u00e4le.<\/p>\n","protected":false},"author":1,"featured_media":289,"parent":0,"menu_order":0,"comment_status":"closed","ping_status":"closed","template":"","meta":{"footnotes":""},"class_list":["post-287","page","type-page","status-publish","has-post-thumbnail","hentry"],"_links":{"self":[{"href":"https:\/\/robertoverkamp.com\/index.php?rest_route=\/wp\/v2\/pages\/287","targetHints":{"allow":["GET"]}}],"collection":[{"href":"https:\/\/robertoverkamp.com\/index.php?rest_route=\/wp\/v2\/pages"}],"about":[{"href":"https:\/\/robertoverkamp.com\/index.php?rest_route=\/wp\/v2\/types\/page"}],"author":[{"embeddable":true,"href":"https:\/\/robertoverkamp.com\/index.php?rest_route=\/wp\/v2\/users\/1"}],"replies":[{"embeddable":true,"href":"https:\/\/robertoverkamp.com\/index.php?rest_route=%2Fwp%2Fv2%2Fcomments&post=287"}],"version-history":[{"count":4,"href":"https:\/\/robertoverkamp.com\/index.php?rest_route=\/wp\/v2\/pages\/287\/revisions"}],"predecessor-version":[{"id":396,"href":"https:\/\/robertoverkamp.com\/index.php?rest_route=\/wp\/v2\/pages\/287\/revisions\/396"}],"wp:featuredmedia":[{"embeddable":true,"href":"https:\/\/robertoverkamp.com\/index.php?rest_route=\/wp\/v2\/media\/289"}],"wp:attachment":[{"href":"https:\/\/robertoverkamp.com\/index.php?rest_route=%2Fwp%2Fv2%2Fmedia&parent=287"}],"curies":[{"name":"wp","href":"https:\/\/api.w.org\/{rel}","templated":true}]}}