{"id":274,"date":"2025-07-14T10:39:19","date_gmt":"2025-07-14T08:39:19","guid":{"rendered":"https:\/\/robertoverkamp.com\/?page_id=274"},"modified":"2025-07-14T14:19:47","modified_gmt":"2025-07-14T12:19:47","slug":"dear-people-musikvideo","status":"publish","type":"page","link":"https:\/\/robertoverkamp.com\/?page_id=274","title":{"rendered":"DEAR PEOPLE &#8211; MUSIKVIDEO"},"content":{"rendered":"\t\t<div data-elementor-type=\"wp-page\" data-elementor-id=\"274\" class=\"elementor elementor-274\" data-elementor-post-type=\"page\">\n\t\t\t\t<div class=\"elementor-element elementor-element-95dbd1e e-flex e-con-boxed e-con e-parent\" data-id=\"95dbd1e\" data-element_type=\"container\">\n\t\t\t\t\t<div class=\"e-con-inner\">\n\t\t\t\t<div class=\"elementor-element elementor-element-b2a0522 elementor-widget__width-initial elementor-widget elementor-widget-text-editor\" data-id=\"b2a0522\" data-element_type=\"widget\" data-widget_type=\"text-editor.default\">\n\t\t\t\t\t\t\t\t\t<p data-start=\"82\" data-end=\"120\"><strong data-start=\"82\" data-end=\"120\">&#8222;Dear People&#8220; \u2013 Musikvideo f\u00fcr KAT<\/strong><\/p>\n<p data-start=\"122\" data-end=\"339\">Beim Musikvideo zu <em data-start=\"141\" data-end=\"156\">&#8222;Dear People&#8220;<\/em> von <strong data-start=\"161\" data-end=\"168\">KAT<\/strong> wurden s\u00e4mtliche Schritte der Produktion \u00fcbernommen:<br data-start=\"221\" data-end=\"224\">Von der Drehplanung \u00fcber Kameraarbeit und Lichtsetzung bis hin zum Schnitt und Colorgrading.<\/p>\t\t\t\t\t\t\t\t<\/div>\n\t\t\t\t\t<\/div>\n\t\t\t\t<\/div>\n\t\t<div class=\"elementor-element elementor-element-f25ac0f e-flex e-con-boxed e-con e-parent\" data-id=\"f25ac0f\" data-element_type=\"container\">\n\t\t\t\t\t<div class=\"e-con-inner\">\n\t\t\t\t<div class=\"elementor-element elementor-element-61821a1 elementor-widget elementor-widget-video\" data-id=\"61821a1\" data-element_type=\"widget\" data-settings=\"{&quot;youtube_url&quot;:&quot;https:\\\/\\\/www.youtube.com\\\/watch?v=qdhk0vhYRts&amp;list=RDqdhk0vhYRts&amp;start_radio=1&quot;,&quot;video_type&quot;:&quot;youtube&quot;,&quot;controls&quot;:&quot;yes&quot;}\" data-widget_type=\"video.default\">\n\t\t\t\t\t\t\t<div class=\"elementor-wrapper elementor-open-inline\">\n\t\t\t<div class=\"elementor-video\"><\/div>\t\t<\/div>\n\t\t\t\t\t\t<\/div>\n\t\t\t\t<div class=\"elementor-element elementor-element-e5cb5eb elementor-widget elementor-widget-gallery\" data-id=\"e5cb5eb\" data-element_type=\"widget\" data-settings=\"{&quot;columns&quot;:3,&quot;lazyload&quot;:&quot;yes&quot;,&quot;gallery_layout&quot;:&quot;grid&quot;,&quot;columns_tablet&quot;:2,&quot;columns_mobile&quot;:1,&quot;gap&quot;:{&quot;unit&quot;:&quot;px&quot;,&quot;size&quot;:10,&quot;sizes&quot;:[]},&quot;gap_tablet&quot;:{&quot;unit&quot;:&quot;px&quot;,&quot;size&quot;:10,&quot;sizes&quot;:[]},&quot;gap_mobile&quot;:{&quot;unit&quot;:&quot;px&quot;,&quot;size&quot;:10,&quot;sizes&quot;:[]},&quot;link_to&quot;:&quot;file&quot;,&quot;aspect_ratio&quot;:&quot;3:2&quot;,&quot;overlay_background&quot;:&quot;yes&quot;,&quot;content_hover_animation&quot;:&quot;fade-in&quot;}\" data-widget_type=\"gallery.default\">\n\t\t\t\t\t\t\t<div class=\"elementor-gallery__container\">\n\t\t\t\t\t\t\t<a class=\"e-gallery-item elementor-gallery-item elementor-animated-content\" href=\"https:\/\/robertoverkamp.com\/wp-content\/uploads\/2025\/07\/Lampe-scaled.jpg\" data-elementor-open-lightbox=\"yes\" data-elementor-lightbox-slideshow=\"e5cb5eb\" data-elementor-lightbox-title=\"Lampe\" data-e-action-hash=\"#elementor-action%3Aaction%3Dlightbox%26settings%3DeyJpZCI6Mjc1LCJ1cmwiOiJodHRwczpcL1wvcm9iZXJ0b3ZlcmthbXAuY29tXC93cC1jb250ZW50XC91cGxvYWRzXC8yMDI1XC8wN1wvTGFtcGUtc2NhbGVkLmpwZyIsInNsaWRlc2hvdyI6ImU1Y2I1ZWIifQ%3D%3D\">\n\t\t\t\t\t<div class=\"e-gallery-image elementor-gallery-item__image\" data-thumbnail=\"https:\/\/robertoverkamp.com\/wp-content\/uploads\/2025\/07\/Lampe-300x219.jpg\" data-width=\"300\" data-height=\"219\" aria-label=\"\" role=\"img\" ><\/div>\n\t\t\t\t\t\t\t\t\t\t\t<div class=\"elementor-gallery-item__overlay\"><\/div>\n\t\t\t\t\t\t\t\t\t\t\t\t\t\t<\/a>\n\t\t\t\t\t\t\t<a class=\"e-gallery-item elementor-gallery-item elementor-animated-content\" href=\"https:\/\/robertoverkamp.com\/wp-content\/uploads\/2025\/07\/Kat_Licht-scaled.jpg\" data-elementor-open-lightbox=\"yes\" data-elementor-lightbox-slideshow=\"e5cb5eb\" data-elementor-lightbox-title=\"Kat_Licht\" data-e-action-hash=\"#elementor-action%3Aaction%3Dlightbox%26settings%3DeyJpZCI6Mjc2LCJ1cmwiOiJodHRwczpcL1wvcm9iZXJ0b3ZlcmthbXAuY29tXC93cC1jb250ZW50XC91cGxvYWRzXC8yMDI1XC8wN1wvS2F0X0xpY2h0LXNjYWxlZC5qcGciLCJzbGlkZXNob3ciOiJlNWNiNWViIn0%3D\">\n\t\t\t\t\t<div class=\"e-gallery-image elementor-gallery-item__image\" data-thumbnail=\"https:\/\/robertoverkamp.com\/wp-content\/uploads\/2025\/07\/Kat_Licht-300x219.jpg\" data-width=\"300\" data-height=\"219\" aria-label=\"\" role=\"img\" ><\/div>\n\t\t\t\t\t\t\t\t\t\t\t<div class=\"elementor-gallery-item__overlay\"><\/div>\n\t\t\t\t\t\t\t\t\t\t\t\t\t\t<\/a>\n\t\t\t\t\t\t\t<a class=\"e-gallery-item elementor-gallery-item elementor-animated-content\" href=\"https:\/\/robertoverkamp.com\/wp-content\/uploads\/2025\/07\/Fernsehervorviadukt-scaled.jpg\" data-elementor-open-lightbox=\"yes\" data-elementor-lightbox-slideshow=\"e5cb5eb\" data-elementor-lightbox-title=\"Fernsehervorviadukt\" data-e-action-hash=\"#elementor-action%3Aaction%3Dlightbox%26settings%3DeyJpZCI6Mjc3LCJ1cmwiOiJodHRwczpcL1wvcm9iZXJ0b3ZlcmthbXAuY29tXC93cC1jb250ZW50XC91cGxvYWRzXC8yMDI1XC8wN1wvRmVybnNlaGVydm9ydmlhZHVrdC1zY2FsZWQuanBnIiwic2xpZGVzaG93IjoiZTVjYjVlYiJ9\">\n\t\t\t\t\t<div class=\"e-gallery-image elementor-gallery-item__image\" data-thumbnail=\"https:\/\/robertoverkamp.com\/wp-content\/uploads\/2025\/07\/Fernsehervorviadukt-300x219.jpg\" data-width=\"300\" data-height=\"219\" aria-label=\"\" role=\"img\" ><\/div>\n\t\t\t\t\t\t\t\t\t\t\t<div class=\"elementor-gallery-item__overlay\"><\/div>\n\t\t\t\t\t\t\t\t\t\t\t\t\t\t<\/a>\n\t\t\t\t\t\t\t<a class=\"e-gallery-item elementor-gallery-item elementor-animated-content\" href=\"https:\/\/robertoverkamp.com\/wp-content\/uploads\/2025\/07\/Fernseher-scaled.jpg\" data-elementor-open-lightbox=\"yes\" data-elementor-lightbox-slideshow=\"e5cb5eb\" data-elementor-lightbox-title=\"Fernseher\" data-e-action-hash=\"#elementor-action%3Aaction%3Dlightbox%26settings%3DeyJpZCI6Mjc4LCJ1cmwiOiJodHRwczpcL1wvcm9iZXJ0b3ZlcmthbXAuY29tXC93cC1jb250ZW50XC91cGxvYWRzXC8yMDI1XC8wN1wvRmVybnNlaGVyLXNjYWxlZC5qcGciLCJzbGlkZXNob3ciOiJlNWNiNWViIn0%3D\">\n\t\t\t\t\t<div class=\"e-gallery-image elementor-gallery-item__image\" data-thumbnail=\"https:\/\/robertoverkamp.com\/wp-content\/uploads\/2025\/07\/Fernseher-300x219.jpg\" data-width=\"300\" data-height=\"219\" aria-label=\"\" role=\"img\" ><\/div>\n\t\t\t\t\t\t\t\t\t\t\t<div class=\"elementor-gallery-item__overlay\"><\/div>\n\t\t\t\t\t\t\t\t\t\t\t\t\t\t<\/a>\n\t\t\t\t\t\t\t<a class=\"e-gallery-item elementor-gallery-item elementor-animated-content\" href=\"https:\/\/robertoverkamp.com\/wp-content\/uploads\/2025\/07\/DearPeople_Auge-scaled.jpg\" data-elementor-open-lightbox=\"yes\" data-elementor-lightbox-slideshow=\"e5cb5eb\" data-elementor-lightbox-title=\"DearPeople_Auge\" data-e-action-hash=\"#elementor-action%3Aaction%3Dlightbox%26settings%3DeyJpZCI6Mjc5LCJ1cmwiOiJodHRwczpcL1wvcm9iZXJ0b3ZlcmthbXAuY29tXC93cC1jb250ZW50XC91cGxvYWRzXC8yMDI1XC8wN1wvRGVhclBlb3BsZV9BdWdlLXNjYWxlZC5qcGciLCJzbGlkZXNob3ciOiJlNWNiNWViIn0%3D\">\n\t\t\t\t\t<div class=\"e-gallery-image elementor-gallery-item__image\" data-thumbnail=\"https:\/\/robertoverkamp.com\/wp-content\/uploads\/2025\/07\/DearPeople_Auge-300x219.jpg\" data-width=\"300\" data-height=\"219\" aria-label=\"\" role=\"img\" ><\/div>\n\t\t\t\t\t\t\t\t\t\t\t<div class=\"elementor-gallery-item__overlay\"><\/div>\n\t\t\t\t\t\t\t\t\t\t\t\t\t\t<\/a>\n\t\t\t\t\t\t\t<a class=\"e-gallery-item elementor-gallery-item elementor-animated-content\" href=\"https:\/\/robertoverkamp.com\/wp-content\/uploads\/2025\/07\/DearPeople-scaled.jpg\" data-elementor-open-lightbox=\"yes\" data-elementor-lightbox-slideshow=\"e5cb5eb\" data-elementor-lightbox-title=\"DearPeople\" data-e-action-hash=\"#elementor-action%3Aaction%3Dlightbox%26settings%3DeyJpZCI6MjgwLCJ1cmwiOiJodHRwczpcL1wvcm9iZXJ0b3ZlcmthbXAuY29tXC93cC1jb250ZW50XC91cGxvYWRzXC8yMDI1XC8wN1wvRGVhclBlb3BsZS1zY2FsZWQuanBnIiwic2xpZGVzaG93IjoiZTVjYjVlYiJ9\">\n\t\t\t\t\t<div class=\"e-gallery-image elementor-gallery-item__image\" data-thumbnail=\"https:\/\/robertoverkamp.com\/wp-content\/uploads\/2025\/07\/DearPeople-300x219.jpg\" data-width=\"300\" data-height=\"219\" aria-label=\"\" role=\"img\" ><\/div>\n\t\t\t\t\t\t\t\t\t\t\t<div class=\"elementor-gallery-item__overlay\"><\/div>\n\t\t\t\t\t\t\t\t\t\t\t\t\t\t<\/a>\n\t\t\t\t\t<\/div>\n\t\t\t\t\t<\/div>\n\t\t\t\t\t<\/div>\n\t\t\t\t<\/div>\n\t\t\t\t<\/div>\n\t\t","protected":false},"excerpt":{"rendered":"<p>&#8222;Dear People&#8220; \u2013 Musikvideo f\u00fcr KAT Beim Musikvideo zu &#8222;Dear People&#8220; von KAT wurden s\u00e4mtliche Schritte der Produktion \u00fcbernommen:Von der Drehplanung \u00fcber Kameraarbeit und Lichtsetzung bis hin zum Schnitt und Colorgrading.<\/p>\n","protected":false},"author":1,"featured_media":280,"parent":0,"menu_order":0,"comment_status":"closed","ping_status":"closed","template":"","meta":{"footnotes":""},"class_list":["post-274","page","type-page","status-publish","has-post-thumbnail","hentry"],"_links":{"self":[{"href":"https:\/\/robertoverkamp.com\/index.php?rest_route=\/wp\/v2\/pages\/274","targetHints":{"allow":["GET"]}}],"collection":[{"href":"https:\/\/robertoverkamp.com\/index.php?rest_route=\/wp\/v2\/pages"}],"about":[{"href":"https:\/\/robertoverkamp.com\/index.php?rest_route=\/wp\/v2\/types\/page"}],"author":[{"embeddable":true,"href":"https:\/\/robertoverkamp.com\/index.php?rest_route=\/wp\/v2\/users\/1"}],"replies":[{"embeddable":true,"href":"https:\/\/robertoverkamp.com\/index.php?rest_route=%2Fwp%2Fv2%2Fcomments&post=274"}],"version-history":[{"count":7,"href":"https:\/\/robertoverkamp.com\/index.php?rest_route=\/wp\/v2\/pages\/274\/revisions"}],"predecessor-version":[{"id":394,"href":"https:\/\/robertoverkamp.com\/index.php?rest_route=\/wp\/v2\/pages\/274\/revisions\/394"}],"wp:featuredmedia":[{"embeddable":true,"href":"https:\/\/robertoverkamp.com\/index.php?rest_route=\/wp\/v2\/media\/280"}],"wp:attachment":[{"href":"https:\/\/robertoverkamp.com\/index.php?rest_route=%2Fwp%2Fv2%2Fmedia&parent=274"}],"curies":[{"name":"wp","href":"https:\/\/api.w.org\/{rel}","templated":true}]}}