{"id":257,"date":"2025-07-14T10:20:40","date_gmt":"2025-07-14T08:20:40","guid":{"rendered":"https:\/\/robertoverkamp.com\/?page_id=257"},"modified":"2025-07-14T14:23:57","modified_gmt":"2025-07-14T12:23:57","slug":"someone-else-to-love-musikvideo","status":"publish","type":"page","link":"https:\/\/robertoverkamp.com\/?page_id=257","title":{"rendered":"SOMEONE ELSE TO LOVE \u2013 MUSIKVIDEO"},"content":{"rendered":"\t\t<div data-elementor-type=\"wp-page\" data-elementor-id=\"257\" class=\"elementor elementor-257\" data-elementor-post-type=\"page\">\n\t\t\t\t<div class=\"elementor-element elementor-element-da4b3df e-flex e-con-boxed e-con e-parent\" data-id=\"da4b3df\" data-element_type=\"container\">\n\t\t\t\t\t<div class=\"e-con-inner\">\n\t\t\t\t<div class=\"elementor-element elementor-element-86f0c0e elementor-widget__width-initial elementor-widget elementor-widget-text-editor\" data-id=\"86f0c0e\" data-element_type=\"widget\" data-widget_type=\"text-editor.default\">\n\t\t\t\t\t\t\t\t\t<p data-start=\"123\" data-end=\"424\">F\u00fcr den Song\u00a0<em data-start=\"136\" data-end=\"160\">&#8222;Someone Else to Love&#8220;<\/em>\u00a0der K\u00fcnstlerin\u00a0<strong data-start=\"176\" data-end=\"187\">LEONORA<\/strong>\u00a0wurde das Musikvideo von der Idee bis zum finalen Schnitt komplett umgesetzt.<br data-start=\"265\" data-end=\"268\" \/>Das Drehbuch entstand passend zum Song, der Dreh wurde planm\u00e4\u00dfig durchgef\u00fchrt, anschlie\u00dfend wurde das Material geschnitten und gegraded.<\/p><p data-start=\"123\" data-end=\"424\"><span style=\"font-family: var( --e-global-typography-text-font-family ), Sans-serif; text-align: var(--text-align); font-size: 1rem;\">Ein stimmiges visuelles Konzept, das die Atmosph\u00e4re des Songs unterst\u00fctzt.<\/span><\/p>\t\t\t\t\t\t\t\t<\/div>\n\t\t\t\t\t<\/div>\n\t\t\t\t<\/div>\n\t\t<div class=\"elementor-element elementor-element-3353f78 e-flex e-con-boxed e-con e-parent\" data-id=\"3353f78\" data-element_type=\"container\">\n\t\t\t\t\t<div class=\"e-con-inner\">\n\t\t\t\t<div class=\"elementor-element elementor-element-f7bf2c8 elementor-widget elementor-widget-video\" data-id=\"f7bf2c8\" data-element_type=\"widget\" data-settings=\"{&quot;youtube_url&quot;:&quot;https:\\\/\\\/www.youtube.com\\\/watch?v=DKioBS9JiK8&amp;list=RDDKioBS9JiK8&amp;start_radio=1&quot;,&quot;video_type&quot;:&quot;youtube&quot;,&quot;controls&quot;:&quot;yes&quot;}\" data-widget_type=\"video.default\">\n\t\t\t\t\t\t\t<div class=\"elementor-wrapper elementor-open-inline\">\n\t\t\t<div class=\"elementor-video\"><\/div>\t\t<\/div>\n\t\t\t\t\t\t<\/div>\n\t\t\t\t\t<\/div>\n\t\t\t\t<\/div>\n\t\t<div class=\"elementor-element elementor-element-57c0c14 e-flex e-con-boxed e-con e-parent\" data-id=\"57c0c14\" data-element_type=\"container\">\n\t\t\t\t\t<div class=\"e-con-inner\">\n\t\t\t\t<div class=\"elementor-element elementor-element-5635e4b elementor-widget elementor-widget-gallery\" data-id=\"5635e4b\" data-element_type=\"widget\" data-settings=\"{&quot;gallery_layout&quot;:&quot;masonry&quot;,&quot;lazyload&quot;:&quot;yes&quot;,&quot;columns&quot;:4,&quot;columns_tablet&quot;:2,&quot;columns_mobile&quot;:1,&quot;gap&quot;:{&quot;unit&quot;:&quot;px&quot;,&quot;size&quot;:10,&quot;sizes&quot;:[]},&quot;gap_tablet&quot;:{&quot;unit&quot;:&quot;px&quot;,&quot;size&quot;:10,&quot;sizes&quot;:[]},&quot;gap_mobile&quot;:{&quot;unit&quot;:&quot;px&quot;,&quot;size&quot;:10,&quot;sizes&quot;:[]},&quot;link_to&quot;:&quot;file&quot;,&quot;overlay_background&quot;:&quot;yes&quot;,&quot;content_hover_animation&quot;:&quot;fade-in&quot;}\" data-widget_type=\"gallery.default\">\n\t\t\t\t\t\t\t<div class=\"elementor-gallery__container\">\n\t\t\t\t\t\t\t<a class=\"e-gallery-item elementor-gallery-item elementor-animated-content\" href=\"https:\/\/robertoverkamp.com\/wp-content\/uploads\/2025\/07\/blume-scaled.jpg\" data-elementor-open-lightbox=\"yes\" data-elementor-lightbox-slideshow=\"5635e4b\" data-elementor-lightbox-title=\"blume\" data-e-action-hash=\"#elementor-action%3Aaction%3Dlightbox%26settings%3DeyJpZCI6MjYwLCJ1cmwiOiJodHRwczpcL1wvcm9iZXJ0b3ZlcmthbXAuY29tXC93cC1jb250ZW50XC91cGxvYWRzXC8yMDI1XC8wN1wvYmx1bWUtc2NhbGVkLmpwZyIsInNsaWRlc2hvdyI6IjU2MzVlNGIifQ%3D%3D\">\n\t\t\t\t\t<div class=\"e-gallery-image elementor-gallery-item__image\" data-thumbnail=\"https:\/\/robertoverkamp.com\/wp-content\/uploads\/2025\/07\/blume-1024x576.jpg\" data-width=\"800\" data-height=\"450\" aria-label=\"\" role=\"img\" ><\/div>\n\t\t\t\t\t\t\t\t\t\t\t<div class=\"elementor-gallery-item__overlay\"><\/div>\n\t\t\t\t\t\t\t\t\t\t\t\t\t\t<\/a>\n\t\t\t\t\t\t\t<a class=\"e-gallery-item elementor-gallery-item elementor-animated-content\" href=\"https:\/\/robertoverkamp.com\/wp-content\/uploads\/2025\/07\/Leonora_verwischt-scaled.jpg\" data-elementor-open-lightbox=\"yes\" data-elementor-lightbox-slideshow=\"5635e4b\" data-elementor-lightbox-title=\"Leonora_verwischt\" data-e-action-hash=\"#elementor-action%3Aaction%3Dlightbox%26settings%3DeyJpZCI6MjYxLCJ1cmwiOiJodHRwczpcL1wvcm9iZXJ0b3ZlcmthbXAuY29tXC93cC1jb250ZW50XC91cGxvYWRzXC8yMDI1XC8wN1wvTGVvbm9yYV92ZXJ3aXNjaHQtc2NhbGVkLmpwZyIsInNsaWRlc2hvdyI6IjU2MzVlNGIifQ%3D%3D\">\n\t\t\t\t\t<div class=\"e-gallery-image elementor-gallery-item__image\" data-thumbnail=\"https:\/\/robertoverkamp.com\/wp-content\/uploads\/2025\/07\/Leonora_verwischt-1024x576.jpg\" data-width=\"800\" data-height=\"450\" aria-label=\"\" role=\"img\" ><\/div>\n\t\t\t\t\t\t\t\t\t\t\t<div class=\"elementor-gallery-item__overlay\"><\/div>\n\t\t\t\t\t\t\t\t\t\t\t\t\t\t<\/a>\n\t\t\t\t\t\t\t<a class=\"e-gallery-item elementor-gallery-item elementor-animated-content\" href=\"https:\/\/robertoverkamp.com\/wp-content\/uploads\/2025\/07\/Leonora_Buehne2-scaled.jpg\" data-elementor-open-lightbox=\"yes\" data-elementor-lightbox-slideshow=\"5635e4b\" data-elementor-lightbox-title=\"Leonora_Buehne2\" data-e-action-hash=\"#elementor-action%3Aaction%3Dlightbox%26settings%3DeyJpZCI6MjYyLCJ1cmwiOiJodHRwczpcL1wvcm9iZXJ0b3ZlcmthbXAuY29tXC93cC1jb250ZW50XC91cGxvYWRzXC8yMDI1XC8wN1wvTGVvbm9yYV9CdWVobmUyLXNjYWxlZC5qcGciLCJzbGlkZXNob3ciOiI1NjM1ZTRiIn0%3D\">\n\t\t\t\t\t<div class=\"e-gallery-image elementor-gallery-item__image\" data-thumbnail=\"https:\/\/robertoverkamp.com\/wp-content\/uploads\/2025\/07\/Leonora_Buehne2-1024x576.jpg\" data-width=\"800\" data-height=\"450\" aria-label=\"\" role=\"img\" ><\/div>\n\t\t\t\t\t\t\t\t\t\t\t<div class=\"elementor-gallery-item__overlay\"><\/div>\n\t\t\t\t\t\t\t\t\t\t\t\t\t\t<\/a>\n\t\t\t\t\t\t\t<a class=\"e-gallery-item elementor-gallery-item elementor-animated-content\" href=\"https:\/\/robertoverkamp.com\/wp-content\/uploads\/2025\/07\/Leonora_Buehne-scaled.jpg\" data-elementor-open-lightbox=\"yes\" data-elementor-lightbox-slideshow=\"5635e4b\" data-elementor-lightbox-title=\"Leonora_Buehne\" data-e-action-hash=\"#elementor-action%3Aaction%3Dlightbox%26settings%3DeyJpZCI6MjYzLCJ1cmwiOiJodHRwczpcL1wvcm9iZXJ0b3ZlcmthbXAuY29tXC93cC1jb250ZW50XC91cGxvYWRzXC8yMDI1XC8wN1wvTGVvbm9yYV9CdWVobmUtc2NhbGVkLmpwZyIsInNsaWRlc2hvdyI6IjU2MzVlNGIifQ%3D%3D\">\n\t\t\t\t\t<div class=\"e-gallery-image elementor-gallery-item__image\" data-thumbnail=\"https:\/\/robertoverkamp.com\/wp-content\/uploads\/2025\/07\/Leonora_Buehne-1024x576.jpg\" data-width=\"800\" data-height=\"450\" aria-label=\"\" role=\"img\" ><\/div>\n\t\t\t\t\t\t\t\t\t\t\t<div class=\"elementor-gallery-item__overlay\"><\/div>\n\t\t\t\t\t\t\t\t\t\t\t\t\t\t<\/a>\n\t\t\t\t\t\t\t<a class=\"e-gallery-item elementor-gallery-item elementor-animated-content\" href=\"https:\/\/robertoverkamp.com\/wp-content\/uploads\/2025\/07\/Leonora_Bett-scaled.jpg\" data-elementor-open-lightbox=\"yes\" data-elementor-lightbox-slideshow=\"5635e4b\" data-elementor-lightbox-title=\"Leonora_Bett\" data-e-action-hash=\"#elementor-action%3Aaction%3Dlightbox%26settings%3DeyJpZCI6MjY0LCJ1cmwiOiJodHRwczpcL1wvcm9iZXJ0b3ZlcmthbXAuY29tXC93cC1jb250ZW50XC91cGxvYWRzXC8yMDI1XC8wN1wvTGVvbm9yYV9CZXR0LXNjYWxlZC5qcGciLCJzbGlkZXNob3ciOiI1NjM1ZTRiIn0%3D\">\n\t\t\t\t\t<div class=\"e-gallery-image elementor-gallery-item__image\" data-thumbnail=\"https:\/\/robertoverkamp.com\/wp-content\/uploads\/2025\/07\/Leonora_Bett-1024x576.jpg\" data-width=\"800\" data-height=\"450\" aria-label=\"\" role=\"img\" ><\/div>\n\t\t\t\t\t\t\t\t\t\t\t<div class=\"elementor-gallery-item__overlay\"><\/div>\n\t\t\t\t\t\t\t\t\t\t\t\t\t\t<\/a>\n\t\t\t\t\t\t\t<a class=\"e-gallery-item elementor-gallery-item elementor-animated-content\" href=\"https:\/\/robertoverkamp.com\/wp-content\/uploads\/2025\/07\/Leonora_Auto_Fahrt_zu-scaled.jpg\" data-elementor-open-lightbox=\"yes\" data-elementor-lightbox-slideshow=\"5635e4b\" data-elementor-lightbox-title=\"Leonora_Auto_Fahrt_zu\" data-e-action-hash=\"#elementor-action%3Aaction%3Dlightbox%26settings%3DeyJpZCI6MjY1LCJ1cmwiOiJodHRwczpcL1wvcm9iZXJ0b3ZlcmthbXAuY29tXC93cC1jb250ZW50XC91cGxvYWRzXC8yMDI1XC8wN1wvTGVvbm9yYV9BdXRvX0ZhaHJ0X3p1LXNjYWxlZC5qcGciLCJzbGlkZXNob3ciOiI1NjM1ZTRiIn0%3D\">\n\t\t\t\t\t<div class=\"e-gallery-image elementor-gallery-item__image\" data-thumbnail=\"https:\/\/robertoverkamp.com\/wp-content\/uploads\/2025\/07\/Leonora_Auto_Fahrt_zu-1024x576.jpg\" data-width=\"800\" data-height=\"450\" aria-label=\"\" role=\"img\" ><\/div>\n\t\t\t\t\t\t\t\t\t\t\t<div class=\"elementor-gallery-item__overlay\"><\/div>\n\t\t\t\t\t\t\t\t\t\t\t\t\t\t<\/a>\n\t\t\t\t\t\t\t<a class=\"e-gallery-item elementor-gallery-item elementor-animated-content\" href=\"https:\/\/robertoverkamp.com\/wp-content\/uploads\/2025\/07\/Leonora_Auto_Augen_zu-scaled.jpg\" data-elementor-open-lightbox=\"yes\" data-elementor-lightbox-slideshow=\"5635e4b\" data-elementor-lightbox-title=\"Leonora_Auto_Augen_zu\" data-e-action-hash=\"#elementor-action%3Aaction%3Dlightbox%26settings%3DeyJpZCI6MjY2LCJ1cmwiOiJodHRwczpcL1wvcm9iZXJ0b3ZlcmthbXAuY29tXC93cC1jb250ZW50XC91cGxvYWRzXC8yMDI1XC8wN1wvTGVvbm9yYV9BdXRvX0F1Z2VuX3p1LXNjYWxlZC5qcGciLCJzbGlkZXNob3ciOiI1NjM1ZTRiIn0%3D\">\n\t\t\t\t\t<div class=\"e-gallery-image elementor-gallery-item__image\" data-thumbnail=\"https:\/\/robertoverkamp.com\/wp-content\/uploads\/2025\/07\/Leonora_Auto_Augen_zu-1024x576.jpg\" data-width=\"800\" data-height=\"450\" aria-label=\"\" role=\"img\" ><\/div>\n\t\t\t\t\t\t\t\t\t\t\t<div class=\"elementor-gallery-item__overlay\"><\/div>\n\t\t\t\t\t\t\t\t\t\t\t\t\t\t<\/a>\n\t\t\t\t\t\t\t<a class=\"e-gallery-item elementor-gallery-item elementor-animated-content\" href=\"https:\/\/robertoverkamp.com\/wp-content\/uploads\/2025\/07\/Leonora_Auto-scaled.jpg\" data-elementor-open-lightbox=\"yes\" data-elementor-lightbox-slideshow=\"5635e4b\" data-elementor-lightbox-title=\"Leonora_Auto\" data-e-action-hash=\"#elementor-action%3Aaction%3Dlightbox%26settings%3DeyJpZCI6MjY3LCJ1cmwiOiJodHRwczpcL1wvcm9iZXJ0b3ZlcmthbXAuY29tXC93cC1jb250ZW50XC91cGxvYWRzXC8yMDI1XC8wN1wvTGVvbm9yYV9BdXRvLXNjYWxlZC5qcGciLCJzbGlkZXNob3ciOiI1NjM1ZTRiIn0%3D\">\n\t\t\t\t\t<div class=\"e-gallery-image elementor-gallery-item__image\" data-thumbnail=\"https:\/\/robertoverkamp.com\/wp-content\/uploads\/2025\/07\/Leonora_Auto-1024x576.jpg\" data-width=\"800\" data-height=\"450\" aria-label=\"\" role=\"img\" ><\/div>\n\t\t\t\t\t\t\t\t\t\t\t<div class=\"elementor-gallery-item__overlay\"><\/div>\n\t\t\t\t\t\t\t\t\t\t\t\t\t\t<\/a>\n\t\t\t\t\t<\/div>\n\t\t\t\t\t<\/div>\n\t\t\t\t\t<\/div>\n\t\t\t\t<\/div>\n\t\t<div class=\"elementor-element elementor-element-9a8226a e-flex e-con-boxed e-con e-parent\" data-id=\"9a8226a\" data-element_type=\"container\">\n\t\t\t\t\t<div class=\"e-con-inner\">\n\t\t\t\t<div class=\"elementor-element elementor-element-5de91c0 elementor-widget-divider--view-line elementor-widget elementor-widget-divider\" data-id=\"5de91c0\" data-element_type=\"widget\" data-widget_type=\"divider.default\">\n\t\t\t\t\t\t\t<div class=\"elementor-divider\">\n\t\t\t<span class=\"elementor-divider-separator\">\n\t\t\t\t\t\t<\/span>\n\t\t<\/div>\n\t\t\t\t\t\t<\/div>\n\t\t\t\t\t<\/div>\n\t\t\t\t<\/div>\n\t\t<div class=\"elementor-element elementor-element-cb7566a e-flex e-con-boxed e-con e-parent\" data-id=\"cb7566a\" data-element_type=\"container\">\n\t\t\t\t\t<div class=\"e-con-inner\">\n\t\t\t\t<div class=\"elementor-element elementor-element-cc788c3 elementor-widget elementor-widget-gallery\" data-id=\"cc788c3\" data-element_type=\"widget\" data-settings=\"{&quot;columns&quot;:3,&quot;aspect_ratio&quot;:&quot;1:1&quot;,&quot;lazyload&quot;:&quot;yes&quot;,&quot;gallery_layout&quot;:&quot;grid&quot;,&quot;columns_tablet&quot;:2,&quot;columns_mobile&quot;:1,&quot;gap&quot;:{&quot;unit&quot;:&quot;px&quot;,&quot;size&quot;:10,&quot;sizes&quot;:[]},&quot;gap_tablet&quot;:{&quot;unit&quot;:&quot;px&quot;,&quot;size&quot;:10,&quot;sizes&quot;:[]},&quot;gap_mobile&quot;:{&quot;unit&quot;:&quot;px&quot;,&quot;size&quot;:10,&quot;sizes&quot;:[]},&quot;link_to&quot;:&quot;file&quot;,&quot;overlay_background&quot;:&quot;yes&quot;,&quot;content_hover_animation&quot;:&quot;fade-in&quot;}\" data-widget_type=\"gallery.default\">\n\t\t\t\t\t\t\t<div class=\"elementor-gallery__container\">\n\t\t\t\t\t\t\t<a class=\"e-gallery-item elementor-gallery-item elementor-animated-content\" href=\"https:\/\/robertoverkamp.com\/wp-content\/uploads\/2025\/07\/SETL-BTS3.jpg\" data-elementor-open-lightbox=\"yes\" data-elementor-lightbox-slideshow=\"cc788c3\" data-elementor-lightbox-title=\"SETL-BTS3\" data-e-action-hash=\"#elementor-action%3Aaction%3Dlightbox%26settings%3DeyJpZCI6MjY4LCJ1cmwiOiJodHRwczpcL1wvcm9iZXJ0b3ZlcmthbXAuY29tXC93cC1jb250ZW50XC91cGxvYWRzXC8yMDI1XC8wN1wvU0VUTC1CVFMzLmpwZyIsInNsaWRlc2hvdyI6ImNjNzg4YzMifQ%3D%3D\">\n\t\t\t\t\t<div class=\"e-gallery-image elementor-gallery-item__image\" data-thumbnail=\"https:\/\/robertoverkamp.com\/wp-content\/uploads\/2025\/07\/SETL-BTS3-683x1024.jpg\" data-width=\"683\" data-height=\"1024\" aria-label=\"\" role=\"img\" ><\/div>\n\t\t\t\t\t\t\t\t\t\t\t<div class=\"elementor-gallery-item__overlay\"><\/div>\n\t\t\t\t\t\t\t\t\t\t\t\t\t\t<\/a>\n\t\t\t\t\t\t\t<a class=\"e-gallery-item elementor-gallery-item elementor-animated-content\" href=\"https:\/\/robertoverkamp.com\/wp-content\/uploads\/2025\/07\/SETL-BTS2.jpg\" data-elementor-open-lightbox=\"yes\" data-elementor-lightbox-slideshow=\"cc788c3\" data-elementor-lightbox-title=\"SETL-BTS2\" data-e-action-hash=\"#elementor-action%3Aaction%3Dlightbox%26settings%3DeyJpZCI6MjY5LCJ1cmwiOiJodHRwczpcL1wvcm9iZXJ0b3ZlcmthbXAuY29tXC93cC1jb250ZW50XC91cGxvYWRzXC8yMDI1XC8wN1wvU0VUTC1CVFMyLmpwZyIsInNsaWRlc2hvdyI6ImNjNzg4YzMifQ%3D%3D\">\n\t\t\t\t\t<div class=\"e-gallery-image elementor-gallery-item__image\" data-thumbnail=\"https:\/\/robertoverkamp.com\/wp-content\/uploads\/2025\/07\/SETL-BTS2-683x1024.jpg\" data-width=\"683\" data-height=\"1024\" aria-label=\"\" role=\"img\" ><\/div>\n\t\t\t\t\t\t\t\t\t\t\t<div class=\"elementor-gallery-item__overlay\"><\/div>\n\t\t\t\t\t\t\t\t\t\t\t\t\t\t<\/a>\n\t\t\t\t\t\t\t<a class=\"e-gallery-item elementor-gallery-item elementor-animated-content\" href=\"https:\/\/robertoverkamp.com\/wp-content\/uploads\/2025\/07\/SETL-BTS.jpg\" data-elementor-open-lightbox=\"yes\" data-elementor-lightbox-slideshow=\"cc788c3\" data-elementor-lightbox-title=\"SETL-BTS\" data-e-action-hash=\"#elementor-action%3Aaction%3Dlightbox%26settings%3DeyJpZCI6MjcwLCJ1cmwiOiJodHRwczpcL1wvcm9iZXJ0b3ZlcmthbXAuY29tXC93cC1jb250ZW50XC91cGxvYWRzXC8yMDI1XC8wN1wvU0VUTC1CVFMuanBnIiwic2xpZGVzaG93IjoiY2M3ODhjMyJ9\">\n\t\t\t\t\t<div class=\"e-gallery-image elementor-gallery-item__image\" data-thumbnail=\"https:\/\/robertoverkamp.com\/wp-content\/uploads\/2025\/07\/SETL-BTS-683x1024.jpg\" data-width=\"683\" data-height=\"1024\" aria-label=\"\" role=\"img\" ><\/div>\n\t\t\t\t\t\t\t\t\t\t\t<div class=\"elementor-gallery-item__overlay\"><\/div>\n\t\t\t\t\t\t\t\t\t\t\t\t\t\t<\/a>\n\t\t\t\t\t<\/div>\n\t\t\t\t\t<\/div>\n\t\t\t\t\t<\/div>\n\t\t\t\t<\/div>\n\t\t\t\t<\/div>\n\t\t","protected":false},"excerpt":{"rendered":"<p>F\u00fcr den Song\u00a0&#8222;Someone Else to Love&#8220;\u00a0der K\u00fcnstlerin\u00a0LEONORA\u00a0wurde das Musikvideo von der Idee bis zum finalen Schnitt komplett umgesetzt.Das Drehbuch entstand passend zum Song, der Dreh wurde planm\u00e4\u00dfig durchgef\u00fchrt, anschlie\u00dfend wurde das Material geschnitten und gegraded. Ein stimmiges visuelles Konzept, das die Atmosph\u00e4re des Songs unterst\u00fctzt.<\/p>\n","protected":false},"author":1,"featured_media":263,"parent":0,"menu_order":0,"comment_status":"closed","ping_status":"closed","template":"","meta":{"footnotes":""},"class_list":["post-257","page","type-page","status-publish","has-post-thumbnail","hentry"],"_links":{"self":[{"href":"https:\/\/robertoverkamp.com\/index.php?rest_route=\/wp\/v2\/pages\/257","targetHints":{"allow":["GET"]}}],"collection":[{"href":"https:\/\/robertoverkamp.com\/index.php?rest_route=\/wp\/v2\/pages"}],"about":[{"href":"https:\/\/robertoverkamp.com\/index.php?rest_route=\/wp\/v2\/types\/page"}],"author":[{"embeddable":true,"href":"https:\/\/robertoverkamp.com\/index.php?rest_route=\/wp\/v2\/users\/1"}],"replies":[{"embeddable":true,"href":"https:\/\/robertoverkamp.com\/index.php?rest_route=%2Fwp%2Fv2%2Fcomments&post=257"}],"version-history":[{"count":5,"href":"https:\/\/robertoverkamp.com\/index.php?rest_route=\/wp\/v2\/pages\/257\/revisions"}],"predecessor-version":[{"id":397,"href":"https:\/\/robertoverkamp.com\/index.php?rest_route=\/wp\/v2\/pages\/257\/revisions\/397"}],"wp:featuredmedia":[{"embeddable":true,"href":"https:\/\/robertoverkamp.com\/index.php?rest_route=\/wp\/v2\/media\/263"}],"wp:attachment":[{"href":"https:\/\/robertoverkamp.com\/index.php?rest_route=%2Fwp%2Fv2%2Fmedia&parent=257"}],"curies":[{"name":"wp","href":"https:\/\/api.w.org\/{rel}","templated":true}]}}