{"id":166,"date":"2025-07-13T18:44:21","date_gmt":"2025-07-13T16:44:21","guid":{"rendered":"https:\/\/robertoverkamp.com\/?page_id=166"},"modified":"2025-07-14T14:23:22","modified_gmt":"2025-07-14T12:23:22","slug":"neue-ductus","status":"publish","type":"page","link":"https:\/\/robertoverkamp.com\/?page_id=166","title":{"rendered":"NEUE DUCTUS &#8211; SCHRIFTGESTALTUNG"},"content":{"rendered":"\t\t<div data-elementor-type=\"wp-page\" data-elementor-id=\"166\" class=\"elementor elementor-166\" data-elementor-post-type=\"page\">\n\t\t\t\t<div class=\"elementor-element elementor-element-f6d65c8 e-flex e-con-boxed e-con e-parent\" data-id=\"f6d65c8\" data-element_type=\"container\">\n\t\t\t\t\t<div class=\"e-con-inner\">\n\t\t\t\t<div class=\"elementor-element elementor-element-09da025 elementor-widget elementor-widget-image\" data-id=\"09da025\" data-element_type=\"widget\" data-widget_type=\"image.default\">\n\t\t\t\t\t\t\t\t\t\t\t\t\t\t\t<img fetchpriority=\"high\" decoding=\"async\" width=\"800\" height=\"791\" src=\"https:\/\/robertoverkamp.com\/wp-content\/uploads\/2025\/07\/Portfolio_CV_Tom_Tietz-1024x1013.jpg\" class=\"attachment-large size-large wp-image-168\" alt=\"\" srcset=\"https:\/\/robertoverkamp.com\/wp-content\/uploads\/2025\/07\/Portfolio_CV_Tom_Tietz-1024x1013.jpg 1024w, https:\/\/robertoverkamp.com\/wp-content\/uploads\/2025\/07\/Portfolio_CV_Tom_Tietz-300x297.jpg 300w, https:\/\/robertoverkamp.com\/wp-content\/uploads\/2025\/07\/Portfolio_CV_Tom_Tietz-768x760.jpg 768w, https:\/\/robertoverkamp.com\/wp-content\/uploads\/2025\/07\/Portfolio_CV_Tom_Tietz.jpg 1276w\" sizes=\"(max-width: 800px) 100vw, 800px\" \/>\t\t\t\t\t\t\t\t\t\t\t\t\t\t\t<\/div>\n\t\t\t\t\t<\/div>\n\t\t\t\t<\/div>\n\t\t<div class=\"elementor-element elementor-element-514898f e-flex e-con-boxed e-con e-parent\" data-id=\"514898f\" data-element_type=\"container\">\n\t\t\t\t\t<div class=\"e-con-inner\">\n\t\t\t\t<div class=\"elementor-element elementor-element-26a719f elementor-widget__width-initial elementor-widget elementor-widget-text-editor\" data-id=\"26a719f\" data-element_type=\"widget\" data-widget_type=\"text-editor.default\">\n\t\t\t\t\t\t\t\t\t<p>Im Rahmen eines Workshops wurde \u00fcber den Zeitraum von vier Tagen eine experimentelle Schrift entwickelt. Grundlage der Gestaltung bildete die karolingische Minuskel. Zu Beginn wurden handschriftliche Buchstaben aller Kursteilnehmer*innen gesammelt. Aus den spannendsten Formen entstand im Team ein gemeinsames Schriftsystem, das historische Ankl\u00e4nge mit zeitgen\u00f6ssischer Typografie verbindet.<\/p><p>Das Programm Glyphs wurde eigenst\u00e4ndig erlernt und intensiv im Entwicklungsprozess genutzt. Das Projekt erforderte ein hohes Ma\u00df an Teamarbeit, Kompromissbereitschaft und Organisation innerhalb einer gro\u00dfen Gruppe \u2013 von der Auswahl der Formen bis zur technischen Umsetzung.<\/p><p>Ich war Teil einer kleinen Gruppe, die die Schrift anschlie\u00dfend an der Partnerhochschule ESAD Amiens vorstellen durfte. Die entstandene Arbeit wurde zudem beim Designpreis \u00bbaed neuland\u00ab mit Silber in der Kategorie \u00bbCommunication Design\u00ab ausgezeichnet.<\/p>\t\t\t\t\t\t\t\t<\/div>\n\t\t\t\t\t<\/div>\n\t\t\t\t<\/div>\n\t\t<div class=\"elementor-element elementor-element-41d7da9 e-flex e-con-boxed e-con e-parent\" data-id=\"41d7da9\" data-element_type=\"container\">\n\t\t\t\t\t<div class=\"e-con-inner\">\n\t\t\t\t<div class=\"elementor-element elementor-element-d4f3265 elementor-widget-divider--view-line elementor-widget elementor-widget-divider\" data-id=\"d4f3265\" data-element_type=\"widget\" data-widget_type=\"divider.default\">\n\t\t\t\t\t\t\t<div class=\"elementor-divider\">\n\t\t\t<span class=\"elementor-divider-separator\">\n\t\t\t\t\t\t<\/span>\n\t\t<\/div>\n\t\t\t\t\t\t<\/div>\n\t\t\t\t\t<\/div>\n\t\t\t\t<\/div>\n\t\t<div class=\"elementor-element elementor-element-0b3f20b e-flex e-con-boxed e-con e-parent\" data-id=\"0b3f20b\" data-element_type=\"container\">\n\t\t\t\t\t<div class=\"e-con-inner\">\n\t\t\t\t<div class=\"elementor-element elementor-element-7329895 elementor-widget elementor-widget-image\" data-id=\"7329895\" data-element_type=\"widget\" data-widget_type=\"image.default\">\n\t\t\t\t\t\t\t\t\t\t\t\t\t\t\t<img decoding=\"async\" width=\"2560\" height=\"781\" src=\"https:\/\/robertoverkamp.com\/wp-content\/uploads\/2025\/07\/ND-Panorama-scaled.jpg\" class=\"attachment-full size-full wp-image-169\" alt=\"\" srcset=\"https:\/\/robertoverkamp.com\/wp-content\/uploads\/2025\/07\/ND-Panorama-scaled.jpg 2560w, https:\/\/robertoverkamp.com\/wp-content\/uploads\/2025\/07\/ND-Panorama-300x92.jpg 300w, https:\/\/robertoverkamp.com\/wp-content\/uploads\/2025\/07\/ND-Panorama-1024x312.jpg 1024w, https:\/\/robertoverkamp.com\/wp-content\/uploads\/2025\/07\/ND-Panorama-768x234.jpg 768w, https:\/\/robertoverkamp.com\/wp-content\/uploads\/2025\/07\/ND-Panorama-1536x469.jpg 1536w, https:\/\/robertoverkamp.com\/wp-content\/uploads\/2025\/07\/ND-Panorama-2048x625.jpg 2048w\" sizes=\"(max-width: 2560px) 100vw, 2560px\" \/>\t\t\t\t\t\t\t\t\t\t\t\t\t\t\t<\/div>\n\t\t\t\t\t<\/div>\n\t\t\t\t<\/div>\n\t\t<div class=\"elementor-element elementor-element-b47a51b e-grid e-con-boxed e-con e-parent\" data-id=\"b47a51b\" data-element_type=\"container\">\n\t\t\t\t\t<div class=\"e-con-inner\">\n\t\t\t\t<div class=\"elementor-element elementor-element-dc0d387 elementor-widget elementor-widget-image\" data-id=\"dc0d387\" data-element_type=\"widget\" data-widget_type=\"image.default\">\n\t\t\t\t\t\t\t\t\t\t\t\t\t\t\t<img decoding=\"async\" width=\"800\" height=\"534\" src=\"https:\/\/robertoverkamp.com\/wp-content\/uploads\/2025\/07\/ND-Postkarte2-1024x683.jpg\" class=\"attachment-large size-large wp-image-171\" alt=\"\" srcset=\"https:\/\/robertoverkamp.com\/wp-content\/uploads\/2025\/07\/ND-Postkarte2-1024x683.jpg 1024w, https:\/\/robertoverkamp.com\/wp-content\/uploads\/2025\/07\/ND-Postkarte2-300x200.jpg 300w, https:\/\/robertoverkamp.com\/wp-content\/uploads\/2025\/07\/ND-Postkarte2-768x512.jpg 768w, https:\/\/robertoverkamp.com\/wp-content\/uploads\/2025\/07\/ND-Postkarte2-1536x1024.jpg 1536w, https:\/\/robertoverkamp.com\/wp-content\/uploads\/2025\/07\/ND-Postkarte2.jpg 1800w\" sizes=\"(max-width: 800px) 100vw, 800px\" \/>\t\t\t\t\t\t\t\t\t\t\t\t\t\t\t<\/div>\n\t\t\t\t<div class=\"elementor-element elementor-element-145bf9c elementor-widget elementor-widget-image\" data-id=\"145bf9c\" data-element_type=\"widget\" data-widget_type=\"image.default\">\n\t\t\t\t\t\t\t\t\t\t\t\t\t\t\t<img loading=\"lazy\" decoding=\"async\" width=\"800\" height=\"534\" src=\"https:\/\/robertoverkamp.com\/wp-content\/uploads\/2025\/07\/ND-Postkarte-1024x683.jpg\" class=\"attachment-large size-large wp-image-172\" alt=\"\" srcset=\"https:\/\/robertoverkamp.com\/wp-content\/uploads\/2025\/07\/ND-Postkarte-1024x683.jpg 1024w, https:\/\/robertoverkamp.com\/wp-content\/uploads\/2025\/07\/ND-Postkarte-300x200.jpg 300w, https:\/\/robertoverkamp.com\/wp-content\/uploads\/2025\/07\/ND-Postkarte-768x512.jpg 768w, https:\/\/robertoverkamp.com\/wp-content\/uploads\/2025\/07\/ND-Postkarte-1536x1024.jpg 1536w, https:\/\/robertoverkamp.com\/wp-content\/uploads\/2025\/07\/ND-Postkarte.jpg 1800w\" sizes=\"(max-width: 800px) 100vw, 800px\" \/>\t\t\t\t\t\t\t\t\t\t\t\t\t\t\t<\/div>\n\t\t\t\t\t<\/div>\n\t\t\t\t<\/div>\n\t\t<div class=\"elementor-element elementor-element-acaf186 e-flex e-con-boxed e-con e-parent\" data-id=\"acaf186\" data-element_type=\"container\">\n\t\t\t\t\t<div class=\"e-con-inner\">\n\t\t\t\t<div class=\"elementor-element elementor-element-c15f05e elementor-widget-divider--view-line elementor-widget elementor-widget-divider\" data-id=\"c15f05e\" data-element_type=\"widget\" data-widget_type=\"divider.default\">\n\t\t\t\t\t\t\t<div class=\"elementor-divider\">\n\t\t\t<span class=\"elementor-divider-separator\">\n\t\t\t\t\t\t<\/span>\n\t\t<\/div>\n\t\t\t\t\t\t<\/div>\n\t\t\t\t\t<\/div>\n\t\t\t\t<\/div>\n\t\t<div class=\"elementor-element elementor-element-1026868 e-flex e-con-boxed e-con e-parent\" data-id=\"1026868\" data-element_type=\"container\">\n\t\t\t\t\t<div class=\"e-con-inner\">\n\t\t\t\t<div class=\"elementor-element elementor-element-a30820a elementor-widget elementor-widget-gallery\" data-id=\"a30820a\" data-element_type=\"widget\" data-settings=\"{&quot;aspect_ratio&quot;:&quot;1:1&quot;,&quot;lazyload&quot;:&quot;yes&quot;,&quot;gallery_layout&quot;:&quot;grid&quot;,&quot;columns&quot;:4,&quot;columns_tablet&quot;:2,&quot;columns_mobile&quot;:1,&quot;gap&quot;:{&quot;unit&quot;:&quot;px&quot;,&quot;size&quot;:10,&quot;sizes&quot;:[]},&quot;gap_tablet&quot;:{&quot;unit&quot;:&quot;px&quot;,&quot;size&quot;:10,&quot;sizes&quot;:[]},&quot;gap_mobile&quot;:{&quot;unit&quot;:&quot;px&quot;,&quot;size&quot;:10,&quot;sizes&quot;:[]},&quot;link_to&quot;:&quot;file&quot;,&quot;overlay_background&quot;:&quot;yes&quot;,&quot;content_hover_animation&quot;:&quot;fade-in&quot;}\" data-widget_type=\"gallery.default\">\n\t\t\t\t\t\t\t<div class=\"elementor-gallery__container\">\n\t\t\t\t\t\t\t<a class=\"e-gallery-item elementor-gallery-item elementor-animated-content\" href=\"https:\/\/robertoverkamp.com\/wp-content\/uploads\/2025\/07\/ND-Planung-scaled.jpg\" data-elementor-open-lightbox=\"yes\" data-elementor-lightbox-slideshow=\"a30820a\" data-elementor-lightbox-title=\"ND-Planung\" data-e-action-hash=\"#elementor-action%3Aaction%3Dlightbox%26settings%3DeyJpZCI6MTczLCJ1cmwiOiJodHRwczpcL1wvcm9iZXJ0b3ZlcmthbXAuY29tXC93cC1jb250ZW50XC91cGxvYWRzXC8yMDI1XC8wN1wvTkQtUGxhbnVuZy1zY2FsZWQuanBnIiwic2xpZGVzaG93IjoiYTMwODIwYSJ9\">\n\t\t\t\t\t<div class=\"e-gallery-image elementor-gallery-item__image\" data-thumbnail=\"https:\/\/robertoverkamp.com\/wp-content\/uploads\/2025\/07\/ND-Planung-1024x683.jpg\" data-width=\"800\" data-height=\"534\" aria-label=\"\" role=\"img\" ><\/div>\n\t\t\t\t\t\t\t\t\t\t\t<div class=\"elementor-gallery-item__overlay\"><\/div>\n\t\t\t\t\t\t\t\t\t\t\t\t\t\t<\/a>\n\t\t\t\t\t\t\t<a class=\"e-gallery-item elementor-gallery-item elementor-animated-content\" href=\"https:\/\/robertoverkamp.com\/wp-content\/uploads\/2025\/07\/ND-Letter-scaled.jpg\" data-elementor-open-lightbox=\"yes\" data-elementor-lightbox-slideshow=\"a30820a\" data-elementor-lightbox-title=\"ND-Letter\" data-e-action-hash=\"#elementor-action%3Aaction%3Dlightbox%26settings%3DeyJpZCI6MTc0LCJ1cmwiOiJodHRwczpcL1wvcm9iZXJ0b3ZlcmthbXAuY29tXC93cC1jb250ZW50XC91cGxvYWRzXC8yMDI1XC8wN1wvTkQtTGV0dGVyLXNjYWxlZC5qcGciLCJzbGlkZXNob3ciOiJhMzA4MjBhIn0%3D\">\n\t\t\t\t\t<div class=\"e-gallery-image elementor-gallery-item__image\" data-thumbnail=\"https:\/\/robertoverkamp.com\/wp-content\/uploads\/2025\/07\/ND-Letter-1024x683.jpg\" data-width=\"800\" data-height=\"534\" aria-label=\"\" role=\"img\" ><\/div>\n\t\t\t\t\t\t\t\t\t\t\t<div class=\"elementor-gallery-item__overlay\"><\/div>\n\t\t\t\t\t\t\t\t\t\t\t\t\t\t<\/a>\n\t\t\t\t\t\t\t<a class=\"e-gallery-item elementor-gallery-item elementor-animated-content\" href=\"https:\/\/robertoverkamp.com\/wp-content\/uploads\/2025\/07\/ND-Arbeit-scaled.jpg\" data-elementor-open-lightbox=\"yes\" data-elementor-lightbox-slideshow=\"a30820a\" data-elementor-lightbox-title=\"ND-Arbeit\" data-e-action-hash=\"#elementor-action%3Aaction%3Dlightbox%26settings%3DeyJpZCI6MTc1LCJ1cmwiOiJodHRwczpcL1wvcm9iZXJ0b3ZlcmthbXAuY29tXC93cC1jb250ZW50XC91cGxvYWRzXC8yMDI1XC8wN1wvTkQtQXJiZWl0LXNjYWxlZC5qcGciLCJzbGlkZXNob3ciOiJhMzA4MjBhIn0%3D\">\n\t\t\t\t\t<div class=\"e-gallery-image elementor-gallery-item__image\" data-thumbnail=\"https:\/\/robertoverkamp.com\/wp-content\/uploads\/2025\/07\/ND-Arbeit-683x1024.jpg\" data-width=\"683\" data-height=\"1024\" aria-label=\"\" role=\"img\" ><\/div>\n\t\t\t\t\t\t\t\t\t\t\t<div class=\"elementor-gallery-item__overlay\"><\/div>\n\t\t\t\t\t\t\t\t\t\t\t\t\t\t<\/a>\n\t\t\t\t\t\t\t<a class=\"e-gallery-item elementor-gallery-item elementor-animated-content\" href=\"https:\/\/robertoverkamp.com\/wp-content\/uploads\/2025\/07\/ND-Amiens.jpg\" data-elementor-open-lightbox=\"yes\" data-elementor-lightbox-slideshow=\"a30820a\" data-elementor-lightbox-title=\"ND-Amiens\" data-e-action-hash=\"#elementor-action%3Aaction%3Dlightbox%26settings%3DeyJpZCI6MTc2LCJ1cmwiOiJodHRwczpcL1wvcm9iZXJ0b3ZlcmthbXAuY29tXC93cC1jb250ZW50XC91cGxvYWRzXC8yMDI1XC8wN1wvTkQtQW1pZW5zLmpwZyIsInNsaWRlc2hvdyI6ImEzMDgyMGEifQ%3D%3D\">\n\t\t\t\t\t<div class=\"e-gallery-image elementor-gallery-item__image\" data-thumbnail=\"https:\/\/robertoverkamp.com\/wp-content\/uploads\/2025\/07\/ND-Amiens-683x1024.jpg\" data-width=\"683\" data-height=\"1024\" aria-label=\"\" role=\"img\" ><\/div>\n\t\t\t\t\t\t\t\t\t\t\t<div class=\"elementor-gallery-item__overlay\"><\/div>\n\t\t\t\t\t\t\t\t\t\t\t\t\t\t<\/a>\n\t\t\t\t\t<\/div>\n\t\t\t\t\t<\/div>\n\t\t\t\t\t<\/div>\n\t\t\t\t<\/div>\n\t\t\t\t<\/div>\n\t\t","protected":false},"excerpt":{"rendered":"<p>Im Rahmen eines Workshops wurde \u00fcber den Zeitraum von vier Tagen eine experimentelle Schrift entwickelt. Grundlage der Gestaltung bildete die karolingische Minuskel. Zu Beginn wurden handschriftliche Buchstaben aller Kursteilnehmer*innen gesammelt. Aus den spannendsten Formen entstand im Team ein gemeinsames Schriftsystem, das historische Ankl\u00e4nge mit zeitgen\u00f6ssischer Typografie verbindet. Das Programm Glyphs wurde eigenst\u00e4ndig erlernt und intensiv [&hellip;]<\/p>\n","protected":false},"author":1,"featured_media":172,"parent":0,"menu_order":0,"comment_status":"closed","ping_status":"closed","template":"","meta":{"footnotes":""},"class_list":["post-166","page","type-page","status-publish","has-post-thumbnail","hentry"],"_links":{"self":[{"href":"https:\/\/robertoverkamp.com\/index.php?rest_route=\/wp\/v2\/pages\/166","targetHints":{"allow":["GET"]}}],"collection":[{"href":"https:\/\/robertoverkamp.com\/index.php?rest_route=\/wp\/v2\/pages"}],"about":[{"href":"https:\/\/robertoverkamp.com\/index.php?rest_route=\/wp\/v2\/types\/page"}],"author":[{"embeddable":true,"href":"https:\/\/robertoverkamp.com\/index.php?rest_route=\/wp\/v2\/users\/1"}],"replies":[{"embeddable":true,"href":"https:\/\/robertoverkamp.com\/index.php?rest_route=%2Fwp%2Fv2%2Fcomments&post=166"}],"version-history":[{"count":5,"href":"https:\/\/robertoverkamp.com\/index.php?rest_route=\/wp\/v2\/pages\/166\/revisions"}],"predecessor-version":[{"id":360,"href":"https:\/\/robertoverkamp.com\/index.php?rest_route=\/wp\/v2\/pages\/166\/revisions\/360"}],"wp:featuredmedia":[{"embeddable":true,"href":"https:\/\/robertoverkamp.com\/index.php?rest_route=\/wp\/v2\/media\/172"}],"wp:attachment":[{"href":"https:\/\/robertoverkamp.com\/index.php?rest_route=%2Fwp%2Fv2%2Fmedia&parent=166"}],"curies":[{"name":"wp","href":"https:\/\/api.w.org\/{rel}","templated":true}]}}