{"id":151,"date":"2025-07-13T18:34:50","date_gmt":"2025-07-13T16:34:50","guid":{"rendered":"https:\/\/robertoverkamp.com\/?page_id=151"},"modified":"2025-07-14T14:23:39","modified_gmt":"2025-07-14T12:23:39","slug":"restless","status":"publish","type":"page","link":"https:\/\/robertoverkamp.com\/?page_id=151","title":{"rendered":"RESTLESS &#8211; SOUNDANIMATION"},"content":{"rendered":"\t\t<div data-elementor-type=\"wp-page\" data-elementor-id=\"151\" class=\"elementor elementor-151\" data-elementor-post-type=\"page\">\n\t\t\t\t<div class=\"elementor-element elementor-element-f3fed8b e-flex e-con-boxed e-con e-parent\" data-id=\"f3fed8b\" data-element_type=\"container\">\n\t\t\t\t\t<div class=\"e-con-inner\">\n\t\t\t\t<div class=\"elementor-element elementor-element-d0fab85 elementor-widget elementor-widget-video\" data-id=\"d0fab85\" data-element_type=\"widget\" data-settings=\"{&quot;youtube_url&quot;:&quot;https:\\\/\\\/www.youtube.com\\\/watch?v=9cYgPdIV3j4&amp;feature=youtu.be&quot;,&quot;video_type&quot;:&quot;youtube&quot;,&quot;controls&quot;:&quot;yes&quot;}\" data-widget_type=\"video.default\">\n\t\t\t\t\t\t\t<div class=\"elementor-wrapper elementor-open-inline\">\n\t\t\t<div class=\"elementor-video\"><\/div>\t\t<\/div>\n\t\t\t\t\t\t<\/div>\n\t\t\t\t\t<\/div>\n\t\t\t\t<\/div>\n\t\t<div class=\"elementor-element elementor-element-058da81 e-flex e-con-boxed e-con e-parent\" data-id=\"058da81\" data-element_type=\"container\">\n\t\t\t\t\t<div class=\"e-con-inner\">\n\t\t\t\t<div class=\"elementor-element elementor-element-5cfe33d elementor-widget__width-initial elementor-widget elementor-widget-text-editor\" data-id=\"5cfe33d\" data-element_type=\"widget\" data-widget_type=\"text-editor.default\">\n\t\t\t\t\t\t\t\t\t<p>Dieses multimediale Sounddesign-Projekt entstand w\u00e4hrend eines Auslandssemesters an der Moholy-Nagy-Universit\u00e4t in Budapest. Die Animation erz\u00e4hlt eine audiovisuelle Geschichte, die auf realen Stadtger\u00e4uschen basiert. Originalkl\u00e4nge aus dem urbanen Raum werden mit fotografischen, filmischen und animierten Elementen kombiniert und durch Risographie-Drucke erg\u00e4nzt. So entsteht ein vielschichtiges Portr\u00e4t der Stadt, das ihre akustische Identit\u00e4t ungesch\u00f6nt erlebbar macht.<span style=\"font-family: var( --e-global-typography-text-font-family ), Sans-serif; text-align: var(--text-align); font-size: 1rem;\">\u00a0<\/span><\/p>\t\t\t\t\t\t\t\t<\/div>\n\t\t\t\t\t<\/div>\n\t\t\t\t<\/div>\n\t\t<div class=\"elementor-element elementor-element-2a8bc88 e-flex e-con-boxed e-con e-parent\" data-id=\"2a8bc88\" data-element_type=\"container\">\n\t\t\t\t\t<div class=\"e-con-inner\">\n\t\t\t\t<div class=\"elementor-element elementor-element-e33dc47 elementor-widget elementor-widget-image\" data-id=\"e33dc47\" data-element_type=\"widget\" data-widget_type=\"image.default\">\n\t\t\t\t\t\t\t\t\t\t\t\t\t\t\t<img fetchpriority=\"high\" decoding=\"async\" width=\"480\" height=\"360\" src=\"https:\/\/robertoverkamp.com\/wp-content\/uploads\/2025\/07\/ezgif-2bca1968c5c95c.gif\" class=\"attachment-large size-large wp-image-154\" alt=\"\" \/>\t\t\t\t\t\t\t\t\t\t\t\t\t\t\t<\/div>\n\t\t\t\t\t<\/div>\n\t\t\t\t<\/div>\n\t\t<div class=\"elementor-element elementor-element-4c312cd e-flex e-con-boxed e-con e-parent\" data-id=\"4c312cd\" data-element_type=\"container\">\n\t\t\t\t\t<div class=\"e-con-inner\">\n\t\t\t\t<div class=\"elementor-element elementor-element-2b8ae69 elementor-widget elementor-widget-image\" data-id=\"2b8ae69\" data-element_type=\"widget\" data-widget_type=\"image.default\">\n\t\t\t\t\t\t\t\t\t\t\t\t\t\t\t<img decoding=\"async\" width=\"800\" height=\"188\" src=\"https:\/\/robertoverkamp.com\/wp-content\/uploads\/2025\/07\/RL-Sammlung-1024x240.jpg\" class=\"attachment-large size-large wp-image-155\" alt=\"\" srcset=\"https:\/\/robertoverkamp.com\/wp-content\/uploads\/2025\/07\/RL-Sammlung-1024x240.jpg 1024w, https:\/\/robertoverkamp.com\/wp-content\/uploads\/2025\/07\/RL-Sammlung-300x70.jpg 300w, https:\/\/robertoverkamp.com\/wp-content\/uploads\/2025\/07\/RL-Sammlung-768x180.jpg 768w, https:\/\/robertoverkamp.com\/wp-content\/uploads\/2025\/07\/RL-Sammlung-1536x361.jpg 1536w, https:\/\/robertoverkamp.com\/wp-content\/uploads\/2025\/07\/RL-Sammlung-2048x481.jpg 2048w\" sizes=\"(max-width: 800px) 100vw, 800px\" \/>\t\t\t\t\t\t\t\t\t\t\t\t\t\t\t<\/div>\n\t\t\t\t\t<\/div>\n\t\t\t\t<\/div>\n\t\t<div class=\"elementor-element elementor-element-225f036 e-flex e-con-boxed e-con e-parent\" data-id=\"225f036\" data-element_type=\"container\">\n\t\t\t\t\t<div class=\"e-con-inner\">\n\t\t\t\t<div class=\"elementor-element elementor-element-97dda3e elementor-widget-divider--view-line elementor-widget elementor-widget-divider\" data-id=\"97dda3e\" data-element_type=\"widget\" data-widget_type=\"divider.default\">\n\t\t\t\t\t\t\t<div class=\"elementor-divider\">\n\t\t\t<span class=\"elementor-divider-separator\">\n\t\t\t\t\t\t<\/span>\n\t\t<\/div>\n\t\t\t\t\t\t<\/div>\n\t\t\t\t\t<\/div>\n\t\t\t\t<\/div>\n\t\t<div class=\"elementor-element elementor-element-bedf900 e-flex e-con-boxed e-con e-parent\" data-id=\"bedf900\" data-element_type=\"container\">\n\t\t\t\t\t<div class=\"e-con-inner\">\n\t\t\t\t<div class=\"elementor-element elementor-element-4c49c5e elementor-widget elementor-widget-gallery\" data-id=\"4c49c5e\" data-element_type=\"widget\" data-settings=\"{&quot;gallery_layout&quot;:&quot;masonry&quot;,&quot;lazyload&quot;:&quot;yes&quot;,&quot;columns&quot;:4,&quot;columns_tablet&quot;:2,&quot;columns_mobile&quot;:1,&quot;gap&quot;:{&quot;unit&quot;:&quot;px&quot;,&quot;size&quot;:10,&quot;sizes&quot;:[]},&quot;gap_tablet&quot;:{&quot;unit&quot;:&quot;px&quot;,&quot;size&quot;:10,&quot;sizes&quot;:[]},&quot;gap_mobile&quot;:{&quot;unit&quot;:&quot;px&quot;,&quot;size&quot;:10,&quot;sizes&quot;:[]},&quot;link_to&quot;:&quot;file&quot;,&quot;overlay_background&quot;:&quot;yes&quot;,&quot;content_hover_animation&quot;:&quot;fade-in&quot;}\" data-widget_type=\"gallery.default\">\n\t\t\t\t\t\t\t<div class=\"elementor-gallery__container\">\n\t\t\t\t\t\t\t<a class=\"e-gallery-item elementor-gallery-item elementor-animated-content\" href=\"https:\/\/robertoverkamp.com\/wp-content\/uploads\/2025\/07\/RL-BTS-4-scaled.jpg\" data-elementor-open-lightbox=\"yes\" data-elementor-lightbox-slideshow=\"4c49c5e\" data-elementor-lightbox-title=\"RL-BTS-4\" data-e-action-hash=\"#elementor-action%3Aaction%3Dlightbox%26settings%3DeyJpZCI6MTU2LCJ1cmwiOiJodHRwczpcL1wvcm9iZXJ0b3ZlcmthbXAuY29tXC93cC1jb250ZW50XC91cGxvYWRzXC8yMDI1XC8wN1wvUkwtQlRTLTQtc2NhbGVkLmpwZyIsInNsaWRlc2hvdyI6IjRjNDljNWUifQ%3D%3D\">\n\t\t\t\t\t<div class=\"e-gallery-image elementor-gallery-item__image\" data-thumbnail=\"https:\/\/robertoverkamp.com\/wp-content\/uploads\/2025\/07\/RL-BTS-4-200x300.jpg\" data-width=\"200\" data-height=\"300\" aria-label=\"\" role=\"img\" ><\/div>\n\t\t\t\t\t\t\t\t\t\t\t<div class=\"elementor-gallery-item__overlay\"><\/div>\n\t\t\t\t\t\t\t\t\t\t\t\t\t\t<\/a>\n\t\t\t\t\t\t\t<a class=\"e-gallery-item elementor-gallery-item elementor-animated-content\" href=\"https:\/\/robertoverkamp.com\/wp-content\/uploads\/2025\/07\/RL-BTS-3.jpg\" data-elementor-open-lightbox=\"yes\" data-elementor-lightbox-slideshow=\"4c49c5e\" data-elementor-lightbox-title=\"RL-BTS-3\" data-e-action-hash=\"#elementor-action%3Aaction%3Dlightbox%26settings%3DeyJpZCI6MTU3LCJ1cmwiOiJodHRwczpcL1wvcm9iZXJ0b3ZlcmthbXAuY29tXC93cC1jb250ZW50XC91cGxvYWRzXC8yMDI1XC8wN1wvUkwtQlRTLTMuanBnIiwic2xpZGVzaG93IjoiNGM0OWM1ZSJ9\">\n\t\t\t\t\t<div class=\"e-gallery-image elementor-gallery-item__image\" data-thumbnail=\"https:\/\/robertoverkamp.com\/wp-content\/uploads\/2025\/07\/RL-BTS-3-200x300.jpg\" data-width=\"200\" data-height=\"300\" aria-label=\"\" role=\"img\" ><\/div>\n\t\t\t\t\t\t\t\t\t\t\t<div class=\"elementor-gallery-item__overlay\"><\/div>\n\t\t\t\t\t\t\t\t\t\t\t\t\t\t<\/a>\n\t\t\t\t\t\t\t<a class=\"e-gallery-item elementor-gallery-item elementor-animated-content\" href=\"https:\/\/robertoverkamp.com\/wp-content\/uploads\/2025\/07\/RL-BTS-2.jpg\" data-elementor-open-lightbox=\"yes\" data-elementor-lightbox-slideshow=\"4c49c5e\" data-elementor-lightbox-title=\"RL-BTS-2\" data-e-action-hash=\"#elementor-action%3Aaction%3Dlightbox%26settings%3DeyJpZCI6MTU4LCJ1cmwiOiJodHRwczpcL1wvcm9iZXJ0b3ZlcmthbXAuY29tXC93cC1jb250ZW50XC91cGxvYWRzXC8yMDI1XC8wN1wvUkwtQlRTLTIuanBnIiwic2xpZGVzaG93IjoiNGM0OWM1ZSJ9\">\n\t\t\t\t\t<div class=\"e-gallery-image elementor-gallery-item__image\" data-thumbnail=\"https:\/\/robertoverkamp.com\/wp-content\/uploads\/2025\/07\/RL-BTS-2-200x300.jpg\" data-width=\"200\" data-height=\"300\" aria-label=\"\" role=\"img\" ><\/div>\n\t\t\t\t\t\t\t\t\t\t\t<div class=\"elementor-gallery-item__overlay\"><\/div>\n\t\t\t\t\t\t\t\t\t\t\t\t\t\t<\/a>\n\t\t\t\t\t\t\t<a class=\"e-gallery-item elementor-gallery-item elementor-animated-content\" href=\"https:\/\/robertoverkamp.com\/wp-content\/uploads\/2025\/07\/RL-BTS-1-scaled.jpg\" data-elementor-open-lightbox=\"yes\" data-elementor-lightbox-slideshow=\"4c49c5e\" data-elementor-lightbox-title=\"RL-BTS-1\" data-e-action-hash=\"#elementor-action%3Aaction%3Dlightbox%26settings%3DeyJpZCI6MTU5LCJ1cmwiOiJodHRwczpcL1wvcm9iZXJ0b3ZlcmthbXAuY29tXC93cC1jb250ZW50XC91cGxvYWRzXC8yMDI1XC8wN1wvUkwtQlRTLTEtc2NhbGVkLmpwZyIsInNsaWRlc2hvdyI6IjRjNDljNWUifQ%3D%3D\">\n\t\t\t\t\t<div class=\"e-gallery-image elementor-gallery-item__image\" data-thumbnail=\"https:\/\/robertoverkamp.com\/wp-content\/uploads\/2025\/07\/RL-BTS-1-200x300.jpg\" data-width=\"200\" data-height=\"300\" aria-label=\"\" role=\"img\" ><\/div>\n\t\t\t\t\t\t\t\t\t\t\t<div class=\"elementor-gallery-item__overlay\"><\/div>\n\t\t\t\t\t\t\t\t\t\t\t\t\t\t<\/a>\n\t\t\t\t\t<\/div>\n\t\t\t\t\t<\/div>\n\t\t\t\t\t<\/div>\n\t\t\t\t<\/div>\n\t\t\t\t<\/div>\n\t\t","protected":false},"excerpt":{"rendered":"<p>Dieses multimediale Sounddesign-Projekt entstand w\u00e4hrend eines Auslandssemesters an der Moholy-Nagy-Universit\u00e4t in Budapest. Die Animation erz\u00e4hlt eine audiovisuelle Geschichte, die auf realen Stadtger\u00e4uschen basiert. Originalkl\u00e4nge aus dem urbanen Raum werden mit fotografischen, filmischen und animierten Elementen kombiniert und durch Risographie-Drucke erg\u00e4nzt. So entsteht ein vielschichtiges Portr\u00e4t der Stadt, das ihre akustische Identit\u00e4t ungesch\u00f6nt erlebbar macht.<\/p>\n","protected":false},"author":1,"featured_media":153,"parent":0,"menu_order":0,"comment_status":"closed","ping_status":"closed","template":"","meta":{"footnotes":""},"class_list":["post-151","page","type-page","status-publish","has-post-thumbnail","hentry"],"_links":{"self":[{"href":"https:\/\/robertoverkamp.com\/index.php?rest_route=\/wp\/v2\/pages\/151","targetHints":{"allow":["GET"]}}],"collection":[{"href":"https:\/\/robertoverkamp.com\/index.php?rest_route=\/wp\/v2\/pages"}],"about":[{"href":"https:\/\/robertoverkamp.com\/index.php?rest_route=\/wp\/v2\/types\/page"}],"author":[{"embeddable":true,"href":"https:\/\/robertoverkamp.com\/index.php?rest_route=\/wp\/v2\/users\/1"}],"replies":[{"embeddable":true,"href":"https:\/\/robertoverkamp.com\/index.php?rest_route=%2Fwp%2Fv2%2Fcomments&post=151"}],"version-history":[{"count":7,"href":"https:\/\/robertoverkamp.com\/index.php?rest_route=\/wp\/v2\/pages\/151\/revisions"}],"predecessor-version":[{"id":361,"href":"https:\/\/robertoverkamp.com\/index.php?rest_route=\/wp\/v2\/pages\/151\/revisions\/361"}],"wp:featuredmedia":[{"embeddable":true,"href":"https:\/\/robertoverkamp.com\/index.php?rest_route=\/wp\/v2\/media\/153"}],"wp:attachment":[{"href":"https:\/\/robertoverkamp.com\/index.php?rest_route=%2Fwp%2Fv2%2Fmedia&parent=151"}],"curies":[{"name":"wp","href":"https:\/\/api.w.org\/{rel}","templated":true}]}}